{"id":5912,"date":"2025-04-04T14:45:19","date_gmt":"2025-04-04T07:45:19","guid":{"rendered":"https:\/\/xopdantuong3dsaigon.com\/?post_type=product&#038;p=5912"},"modified":"2025-04-04T15:06:42","modified_gmt":"2025-04-04T08:06:42","slug":"xop-cuon-dan-tuong-pvc-san-keo-0-6m-x-3m","status":"publish","type":"product","link":"https:\/\/xopdantuong3dsaigon.com\/index.php\/product\/xop-cuon-dan-tuong-pvc-san-keo-0-6m-x-3m\/","title":{"rendered":"X\u1ed1p Cu\u1ed9n D\u00e1n T\u01b0\u1eddng PVC S\u1eb5n Keo 0.6m x 3m"},"content":{"rendered":"<h1><strong>Cu\u1ed9n X\u1ed1p PVC V\u00e2n \u0110\u00e1 Hoa C\u01b0\u01a1ng S\u1eb5n Keo T\u1ef1 D\u00ednh, Si\u00eau \u0110\u1eb9p Kh\u1ed5 0.6m x 3m D\u00e0y 3mm \u2013 Gi\u1ea3i Ph\u00e1p Trang Tr\u00ed Hi\u1ec7n \u0110\u1ea1i V\u00e0 Ti\u1ec7n L\u1ee3i<\/strong><\/h1>\n<p>&nbsp;<\/p>\n<p>Ng\u00e0y nay, vi\u1ec7c trang tr\u00ed kh\u00f4ng gian s\u1ed1ng kh\u00f4ng ch\u1ec9 t\u1eadp trung v\u00e0o t\u00ednh th\u1ea9m m\u1ef9 m\u00e0 c\u00f2n ph\u1ea3i \u0111\u1ea3m b\u1ea3o t\u00ednh ti\u1ec7n l\u1ee3i, b\u1ec1n b\u1ec9 v\u00e0 th\u00e2n thi\u1ec7n v\u1edbi ng\u01b0\u1eddi s\u1eed d\u1ee5ng.\u00a0<a href=\"https:\/\/xopdantuong3dsaigon.com\/index.php\/product-category\/xop-cuon-pvc-san-keo\/\"><strong>Cu\u1ed9n x\u1ed1p PVC v\u00e2n \u0111\u00e1 hoa c\u01b0\u01a1ng s\u1eb5n keo t\u1ef1 d\u00ednh<\/strong><\/a>\u00a0\u0111ang tr\u1edf th\u00e0nh l\u1ef1a ch\u1ecdn ph\u1ed5 bi\u1ebfn c\u1ee7a nhi\u1ec1u gia \u0111\u00ecnh v\u00e0 c\u00f4ng tr\u00ecnh nh\u1edd v\u00e0o thi\u1ebft k\u1ebf \u0111\u1eb9p m\u1eaft, d\u1ec5 s\u1eed d\u1ee5ng v\u00e0 \u0111\u1ed9 b\u1ec1n cao. S\u1ea3n ph\u1ea9m n\u00e0y l\u00e0 s\u1ef1 k\u1ebft h\u1ee3p ho\u00e0n h\u1ea3o gi\u1eefa v\u1ebb \u0111\u1eb9p sang tr\u1ecdng c\u1ee7a \u0111\u00e1 hoa c\u01b0\u01a1ng v\u00e0 s\u1ef1 ti\u1ec7n l\u1ee3i c\u1ee7a v\u1eadt li\u1ec7u PVC.<\/p>\n<p>&nbsp;<\/p>\n<p><a href=\"https:\/\/xopdantuongsaigon.com\/product-category\/cuon-xop-pvc\/\"><img fetchpriority=\"high\" decoding=\"async\" class=\"aligncenter wp-image-1715\" src=\"https:\/\/xopdantuongsaigon.com\/wp-content\/uploads\/2024\/12\/XOP-PVC-CUON-1_1-533x400.webp\" sizes=\"auto, (max-width: 700px) 100vw, 700px\" srcset=\"https:\/\/xopdantuongsaigon.com\/wp-content\/uploads\/2024\/12\/XOP-PVC-CUON-1_1-533x400.webp 533w, https:\/\/xopdantuongsaigon.com\/wp-content\/uploads\/2024\/12\/XOP-PVC-CUON-1_1-1067x800.webp 1067w, https:\/\/xopdantuongsaigon.com\/wp-content\/uploads\/2024\/12\/XOP-PVC-CUON-1_1-768x576.webp 768w, https:\/\/xopdantuongsaigon.com\/wp-content\/uploads\/2024\/12\/XOP-PVC-CUON-1_1-510x383.webp 510w, https:\/\/xopdantuongsaigon.com\/wp-content\/uploads\/2024\/12\/XOP-PVC-CUON-1_1.webp 1280w\" alt=\"\" width=\"700\" height=\"525\" \/><\/a><\/p>\n<p>&nbsp;<\/p>\n<h3><strong>1. Th\u00f4ng tin chi ti\u1ebft v\u1ec1 s\u1ea3n ph\u1ea9m<\/strong><\/h3>\n<ul>\n<li><strong>T\u00ean s\u1ea3n ph\u1ea9m:\u00a0<a href=\"https:\/\/xopdantuong3dsaigon.com\/index.php\/product-category\/xop-cuon-pvc-san-keo\/\">Cu\u1ed9n X\u1ed1p PVC V\u00e2n \u0110\u00e1 Hoa C\u01b0\u01a1ng S\u1eb5n Keo T\u1ef1 D\u00ednh<\/a><\/strong><\/li>\n<li><strong>K\u00edch th\u01b0\u1edbc:<\/strong>\u00a00.6m x 3m (d\u00e0i 3m, r\u1ed9ng 0.6m)<\/li>\n<li><strong>\u0110\u1ed9 d\u00e0y:<\/strong>\u00a03mm<\/li>\n<li><strong>Ch\u1ea5t li\u1ec7u:<\/strong>\u00a0PVC cao c\u1ea5p<\/li>\n<li><strong>T\u00ednh n\u0103ng:<\/strong>\u00a0S\u1eb5n keo t\u1ef1 d\u00ednh, ch\u1ed1ng th\u1ea5m, ch\u1ed1ng \u1ea9m, d\u1ec5 d\u00e0ng v\u1ec7 sinh<\/li>\n<li><strong>\u1ee8ng d\u1ee5ng:<\/strong>\u00a0Trang tr\u00ed t\u01b0\u1eddng, n\u1ec1n nh\u00e0, qu\u1ea7y bar, ph\u00f2ng b\u1ebfp, ph\u00f2ng kh\u00e1ch, ph\u00f2ng ng\u1ee7, nh\u00e0 v\u1ec7 sinh\u2026<\/li>\n<\/ul>\n<p><img decoding=\"async\" class=\"aligncenter wp-image-1724\" src=\"https:\/\/xopdantuongsaigon.com\/wp-content\/uploads\/2024\/12\/XOP-PVC-CUON-10_10-533x400.webp\" sizes=\"auto, (max-width: 700px) 100vw, 700px\" srcset=\"https:\/\/xopdantuongsaigon.com\/wp-content\/uploads\/2024\/12\/XOP-PVC-CUON-10_10-533x400.webp 533w, https:\/\/xopdantuongsaigon.com\/wp-content\/uploads\/2024\/12\/XOP-PVC-CUON-10_10-1067x800.webp 1067w, https:\/\/xopdantuongsaigon.com\/wp-content\/uploads\/2024\/12\/XOP-PVC-CUON-10_10-768x576.webp 768w, https:\/\/xopdantuongsaigon.com\/wp-content\/uploads\/2024\/12\/XOP-PVC-CUON-10_10-510x383.webp 510w, https:\/\/xopdantuongsaigon.com\/wp-content\/uploads\/2024\/12\/XOP-PVC-CUON-10_10.webp 1280w\" alt=\"\" width=\"700\" height=\"525\" \/><\/p>\n<h3><strong>2. \u0110i\u1ec3m n\u1ed5i b\u1eadt c\u1ee7a cu\u1ed9n x\u1ed1p PVC v\u00e2n \u0111\u00e1 hoa c\u01b0\u01a1ng<\/strong><\/h3>\n<h4><strong>2.1. Thi\u1ebft k\u1ebf sang tr\u1ecdng, v\u00e2n \u0111\u00e1 t\u1ef1 nhi\u00ean<\/strong><\/h4>\n<p>V\u00e2n \u0111\u00e1 hoa c\u01b0\u01a1ng l\u00e0 m\u1ed9t trong nh\u1eefng h\u1ecda ti\u1ebft \u0111\u01b0\u1ee3c \u01b0a chu\u1ed9ng b\u1edfi s\u1ef1 tinh t\u1ebf v\u00e0 sang tr\u1ecdng. Cu\u1ed9n x\u1ed1p PVC t\u00e1i hi\u1ec7n l\u1ea1i v\u1ebb \u0111\u1eb9p t\u1ef1 nhi\u00ean c\u1ee7a \u0111\u00e1 hoa c\u01b0\u01a1ng, t\u1ea1o c\u1ea3m gi\u00e1c cao c\u1ea5p nh\u01b0ng kh\u00f4ng c\u1ea7n chi ph\u00ed l\u1edbn. S\u1ea3n ph\u1ea9m c\u00f3 nhi\u1ec1u m\u00e0u s\u1eafc v\u00e0 ki\u1ec3u v\u00e2n \u0111\u00e1 \u0111a d\u1ea1ng, gi\u00fap ng\u01b0\u1eddi d\u00f9ng d\u1ec5 d\u00e0ng l\u1ef1a ch\u1ecdn ph\u00f9 h\u1ee3p v\u1edbi phong c\u00e1ch n\u1ed9i th\u1ea5t.<\/p>\n<h4><strong>2.2. Ch\u1ea5t li\u1ec7u PVC b\u1ec1n b\u1ec9, an to\u00e0n<\/strong><\/h4>\n<p>X\u1ed1p PVC \u0111\u01b0\u1ee3c l\u00e0m t\u1eeb ch\u1ea5t li\u1ec7u nh\u1ef1a t\u1ed5ng h\u1ee3p cao c\u1ea5p, c\u00f3 kh\u1ea3 n\u0103ng ch\u1ed1ng th\u1ea5m n\u01b0\u1edbc, ch\u1ed1ng \u1ea9m v\u00e0 ch\u1ed1ng b\u00e1m b\u1ea9n v\u01b0\u1ee3t tr\u1ed9i. \u0110i\u1ec1u n\u00e0y gi\u00fap s\u1ea3n ph\u1ea9m duy tr\u00ec v\u1ebb \u0111\u1eb9p trong th\u1eddi gian d\u00e0i, \u0111\u1eb7c bi\u1ec7t trong c\u00e1c khu v\u1ef1c d\u1ec5 b\u1ecb \u1ea9m nh\u01b0 nh\u00e0 b\u1ebfp ho\u1eb7c nh\u00e0 v\u1ec7 sinh.<\/p>\n<h4><strong>2.3. S\u1eb5n keo t\u1ef1 d\u00ednh \u2013 Thi c\u00f4ng d\u1ec5 d\u00e0ng<\/strong><\/h4>\n<p>M\u1ed9t trong nh\u1eefng \u01b0u \u0111i\u1ec3m l\u1edbn nh\u1ea5t c\u1ee7a s\u1ea3n ph\u1ea9m n\u00e0y l\u00e0 t\u00ednh n\u0103ng\u00a0<strong>s\u1eb5n keo t\u1ef1 d\u00ednh<\/strong>. Ng\u01b0\u1eddi d\u00f9ng kh\u00f4ng c\u1ea7n ph\u1ea3i s\u1eed d\u1ee5ng th\u00eam keo ho\u1eb7c ph\u1ee5 ki\u1ec7n h\u1ed7 tr\u1ee3 n\u00e0o kh\u00e1c. Ch\u1ec9 c\u1ea7n b\u00f3c l\u1edbp gi\u1ea5y b\u1ea3o v\u1ec7 ph\u00eda sau v\u00e0 d\u00e1n tr\u1ef1c ti\u1ebfp l\u00ean b\u1ec1 m\u1eb7t c\u1ea7n trang tr\u00ed. Quy tr\u00ecnh n\u00e0y gi\u00fap ti\u1ebft ki\u1ec7m th\u1eddi gian v\u00e0 c\u00f4ng s\u1ee9c, \u0111\u1eb7c bi\u1ec7t ph\u00f9 h\u1ee3p v\u1edbi nh\u1eefng ai mu\u1ed1n t\u1ef1 tay trang tr\u00ed kh\u00f4ng gian s\u1ed1ng.<\/p>\n<h4><strong>2.4. \u0110\u1ed9 d\u00e0y 3mm \u2013 C\u00e1ch \u00e2m, c\u00e1ch nhi\u1ec7t t\u1ed1t<\/strong><\/h4>\n<p>V\u1edbi \u0111\u1ed9 d\u00e0y 3mm, cu\u1ed9n x\u1ed1p PVC kh\u00f4ng ch\u1ec9 mang l\u1ea1i c\u1ea3m gi\u00e1c m\u1ec1m m\u1ea1i khi ch\u1ea1m tay m\u00e0 c\u00f2n c\u00f3 kh\u1ea3 n\u0103ng c\u00e1ch \u00e2m, c\u00e1ch nhi\u1ec7t t\u1ed1t. \u0110\u00e2y l\u00e0 gi\u1ea3i ph\u00e1p l\u00fd t\u01b0\u1edfng cho nh\u1eefng kh\u00f4ng gian c\u1ea7n s\u1ef1 y\u00ean t\u0129nh ho\u1eb7c mu\u1ed1n gi\u1eef nhi\u1ec7t \u0111\u1ed9 \u1ed5n \u0111\u1ecbnh.<\/p>\n<h4><strong>2.5. D\u1ec5 d\u00e0ng v\u1ec7 sinh v\u00e0 b\u1ea3o tr\u00ec<\/strong><\/h4>\n<p>B\u1ec1 m\u1eb7t x\u1ed1p PVC \u0111\u01b0\u1ee3c ph\u1ee7 l\u1edbp ch\u1ed1ng b\u00e1m b\u1ea9n, gi\u00fap b\u1ea1n d\u1ec5 d\u00e0ng lau ch\u00f9i b\u1eb1ng kh\u0103n \u1ea9m khi b\u1ecb b\u00e1m b\u1ea9n. S\u1ea3n ph\u1ea9m kh\u00f4ng b\u1ecb phai m\u00e0u hay bong tr\u00f3c qua th\u1eddi gian, gi\u00fap gi\u1eef \u0111\u01b0\u1ee3c v\u1ebb \u0111\u1eb9p nh\u01b0 m\u1edbi.<\/p>\n<p><img decoding=\"async\" class=\"wp-image-1725 aligncenter\" src=\"https:\/\/xopdantuongsaigon.com\/wp-content\/uploads\/2024\/12\/XOP-PVC-CUON-11_11-533x400.webp\" sizes=\"auto, (max-width: 700px) 100vw, 700px\" srcset=\"https:\/\/xopdantuongsaigon.com\/wp-content\/uploads\/2024\/12\/XOP-PVC-CUON-11_11-533x400.webp 533w, https:\/\/xopdantuongsaigon.com\/wp-content\/uploads\/2024\/12\/XOP-PVC-CUON-11_11-1067x800.webp 1067w, https:\/\/xopdantuongsaigon.com\/wp-content\/uploads\/2024\/12\/XOP-PVC-CUON-11_11-768x576.webp 768w, https:\/\/xopdantuongsaigon.com\/wp-content\/uploads\/2024\/12\/XOP-PVC-CUON-11_11-510x383.webp 510w, https:\/\/xopdantuongsaigon.com\/wp-content\/uploads\/2024\/12\/XOP-PVC-CUON-11_11.webp 1280w\" alt=\"\" width=\"700\" height=\"525\" \/><\/p>\n<h3><strong>3. L\u1ee3i \u00edch khi s\u1eed d\u1ee5ng cu\u1ed9n x\u1ed1p PVC v\u00e2n \u0111\u00e1 hoa c\u01b0\u01a1ng<\/strong><\/h3>\n<h4><strong>3.1. Ti\u1ebft ki\u1ec7m chi ph\u00ed<\/strong><\/h4>\n<p>So v\u1edbi vi\u1ec7c s\u1eed d\u1ee5ng \u0111\u00e1 hoa c\u01b0\u01a1ng th\u1eadt,\u00a0<strong><a href=\"https:\/\/xopdantuong3dsaigon.com\/index.php\/product-category\/xop-cuon-pvc-san-keo\/\">cu\u1ed9n x\u1ed1p PVC<\/a>\u00a0<\/strong>l\u00e0 gi\u1ea3i ph\u00e1p ti\u1ebft ki\u1ec7m h\u01a1n r\u1ea5t nhi\u1ec1u nh\u01b0ng v\u1eabn \u0111\u1ea3m b\u1ea3o t\u00ednh th\u1ea9m m\u1ef9. B\u1ea1n kh\u00f4ng c\u1ea7n lo l\u1eafng v\u1ec1 chi ph\u00ed v\u1eadn chuy\u1ec3n, c\u1eaft gh\u00e9p hay thi c\u00f4ng ph\u1ee9c t\u1ea1p.<\/p>\n<h4><strong>3.2. An to\u00e0n cho s\u1ee9c kh\u1ecfe<\/strong><\/h4>\n<p>Ch\u1ea5t li\u1ec7u PVC \u0111\u01b0\u1ee3c ki\u1ec3m \u0111\u1ecbnh an to\u00e0n, kh\u00f4ng ch\u1ee9a ch\u1ea5t \u0111\u1ed9c h\u1ea1i, ph\u00f9 h\u1ee3p cho m\u1ecdi kh\u00f4ng gian, k\u1ec3 c\u1ea3 ph\u00f2ng tr\u1ebb em.<\/p>\n<p><img loading=\"lazy\" decoding=\"async\" class=\"wp-image-1723 aligncenter\" src=\"https:\/\/xopdantuongsaigon.com\/wp-content\/uploads\/2024\/12\/XOP-PVC-CUON-9_9-300x400.webp\" sizes=\"auto, (max-width: 699px) 100vw, 699px\" srcset=\"https:\/\/xopdantuongsaigon.com\/wp-content\/uploads\/2024\/12\/XOP-PVC-CUON-9_9-300x400.webp 300w, https:\/\/xopdantuongsaigon.com\/wp-content\/uploads\/2024\/12\/XOP-PVC-CUON-9_9-600x800.webp 600w, https:\/\/xopdantuongsaigon.com\/wp-content\/uploads\/2024\/12\/XOP-PVC-CUON-9_9-768x1024.webp 768w, https:\/\/xopdantuongsaigon.com\/wp-content\/uploads\/2024\/12\/XOP-PVC-CUON-9_9-510x680.webp 510w, https:\/\/xopdantuongsaigon.com\/wp-content\/uploads\/2024\/12\/XOP-PVC-CUON-9_9.webp 960w\" alt=\"\" width=\"699\" height=\"932\" \/><\/p>\n<h4><strong>3.3. T\u00ednh linh ho\u1ea1t cao<\/strong><\/h4>\n<p>S\u1ea3n ph\u1ea9m c\u00f3 th\u1ec3 d\u1ec5 d\u00e0ng c\u1eaft theo k\u00edch th\u01b0\u1edbc mong mu\u1ed1n, ph\u00f9 h\u1ee3p v\u1edbi m\u1ecdi b\u1ec1 m\u1eb7t t\u1eeb t\u01b0\u1eddng, tr\u1ea7n nh\u00e0 \u0111\u1ebfn c\u00e1c \u0111\u1ed3 v\u1eadt trang tr\u00ed nh\u01b0 b\u00e0n gh\u1ebf, k\u1ec7 s\u00e1ch.<\/p>\n<h4><strong>3.4. T\u0103ng t\u00ednh th\u1ea9m m\u1ef9 cho kh\u00f4ng gian<\/strong><\/h4>\n<p>V\u1edbi h\u1ecda ti\u1ebft v\u00e2n \u0111\u00e1 hoa c\u01b0\u01a1ng, kh\u00f4ng gian s\u1ed1ng s\u1ebd tr\u1edf n\u00ean hi\u1ec7n \u0111\u1ea1i, sang tr\u1ecdng v\u00e0 \u0111\u1eb3ng c\u1ea5p h\u01a1n. S\u1ea3n ph\u1ea9m ph\u00f9 h\u1ee3p v\u1edbi nhi\u1ec1u phong c\u00e1ch thi\u1ebft k\u1ebf n\u1ed9i th\u1ea5t, t\u1eeb c\u1ed5 \u0111i\u1ec3n \u0111\u1ebfn hi\u1ec7n \u0111\u1ea1i.<\/p>\n<p><img loading=\"lazy\" decoding=\"async\" class=\"wp-image-1718 aligncenter\" src=\"https:\/\/xopdantuongsaigon.com\/wp-content\/uploads\/2024\/12\/XOP-PVC-CUON-4_4.webp\" sizes=\"auto, (max-width: 699px) 100vw, 699px\" srcset=\"https:\/\/xopdantuongsaigon.com\/wp-content\/uploads\/2024\/12\/XOP-PVC-CUON-4_4.webp 324w, https:\/\/xopdantuongsaigon.com\/wp-content\/uploads\/2024\/12\/XOP-PVC-CUON-4_4-250x250.webp 250w, https:\/\/xopdantuongsaigon.com\/wp-content\/uploads\/2024\/12\/XOP-PVC-CUON-4_4-100x100.webp 100w\" alt=\"\" width=\"699\" height=\"703\" \/><\/p>\n<h3><strong>4. \u1ee8ng d\u1ee5ng th\u1ef1c t\u1ebf c\u1ee7a cu\u1ed9n x\u1ed1p PVC v\u00e2n \u0111\u00e1 hoa c\u01b0\u01a1ng<\/strong><\/h3>\n<ul>\n<li><strong>Ph\u00f2ng kh\u00e1ch:<\/strong>\u00a0T\u1ea1o \u0111i\u1ec3m nh\u1ea5n tr\u00ean b\u1ee9c t\u01b0\u1eddng ch\u00ednh, mang l\u1ea1i kh\u00f4ng gian sang tr\u1ecdng v\u00e0 \u1ea5m c\u00fang.<\/li>\n<li><strong>Ph\u00f2ng b\u1ebfp:<\/strong>\u00a0B\u1ea3o v\u1ec7 t\u01b0\u1eddng b\u1ebfp kh\u1ecfi d\u1ea7u m\u1ee1 v\u00e0 n\u01b0\u1edbc, \u0111\u1ed3ng th\u1eddi l\u00e0m n\u1ed5i b\u1eadt phong c\u00e1ch hi\u1ec7n \u0111\u1ea1i.<\/li>\n<li><strong>Ph\u00f2ng t\u1eafm:<\/strong>\u00a0S\u1ea3n ph\u1ea9m ch\u1ed1ng th\u1ea5m n\u01b0\u1edbc, r\u1ea5t ph\u00f9 h\u1ee3p \u0111\u1ec3 trang tr\u00ed t\u01b0\u1eddng nh\u00e0 v\u1ec7 sinh.<\/li>\n<li><strong>Qu\u1ea7y bar ho\u1eb7c c\u1eeda h\u00e0ng:<\/strong>\u00a0T\u0103ng t\u00ednh chuy\u00ean nghi\u1ec7p v\u00e0 thu h\u00fat \u00e1nh nh\u00ecn c\u1ee7a kh\u00e1ch h\u00e0ng.<\/li>\n<\/ul>\n<p><img loading=\"lazy\" decoding=\"async\" class=\"wp-image-1717 aligncenter\" src=\"https:\/\/xopdantuongsaigon.com\/wp-content\/uploads\/2024\/12\/XOP-PVC-CUON-3_3.webp\" sizes=\"auto, (max-width: 699px) 100vw, 699px\" srcset=\"https:\/\/xopdantuongsaigon.com\/wp-content\/uploads\/2024\/12\/XOP-PVC-CUON-3_3.webp 330w, https:\/\/xopdantuongsaigon.com\/wp-content\/uploads\/2024\/12\/XOP-PVC-CUON-3_3-100x100.webp 100w\" alt=\"\" width=\"699\" height=\"691\" \/><\/p>\n<h3><strong>5. H\u01b0\u1edbng d\u1eabn s\u1eed d\u1ee5ng cu\u1ed9n x\u1ed1p PVC v\u00e2n \u0111\u00e1 hoa c\u01b0\u01a1ng<\/strong><\/h3>\n<ol>\n<li><strong>Chu\u1ea9n b\u1ecb b\u1ec1 m\u1eb7t:<\/strong>\u00a0\u0110\u1ea3m b\u1ea3o b\u1ec1 m\u1eb7t c\u1ea7n d\u00e1n s\u1ea1ch s\u1ebd, kh\u00f4 r\u00e1o v\u00e0 ph\u1eb3ng.<\/li>\n<li><strong>C\u1eaft x\u1ed1p:<\/strong>\u00a0\u0110o k\u00edch th\u01b0\u1edbc b\u1ec1 m\u1eb7t v\u00e0 c\u1eaft cu\u1ed9n x\u1ed1p theo k\u00edch th\u01b0\u1edbc ph\u00f9 h\u1ee3p.<\/li>\n<li><strong>D\u00e1n x\u1ed1p:<\/strong>\u00a0B\u00f3c l\u1edbp gi\u1ea5y b\u1ea3o v\u1ec7 ph\u00eda sau v\u00e0 d\u00e1n tr\u1ef1c ti\u1ebfp l\u00ean b\u1ec1 m\u1eb7t. S\u1eed d\u1ee5ng tay ho\u1eb7c d\u1ee5ng c\u1ee5 \u0111\u1ec3 \u00e9p ch\u1eb7t, \u0111\u1ea3m b\u1ea3o kh\u00f4ng c\u00f3 b\u1ecdt kh\u00ed.<\/li>\n<li><strong>Ho\u00e0n thi\u1ec7n:<\/strong>\u00a0C\u1eaft b\u1ecf c\u00e1c ph\u1ea7n th\u1eeba n\u1ebfu c\u1ea7n v\u00e0 ki\u1ec3m tra l\u1ea1i to\u00e0n b\u1ed9 b\u1ec1 m\u1eb7t \u0111\u00e3 d\u00e1n.<\/li>\n<\/ol>\n<p><img loading=\"lazy\" decoding=\"async\" class=\"wp-image-1722 aligncenter\" src=\"https:\/\/xopdantuongsaigon.com\/wp-content\/uploads\/2024\/12\/XOP-PVC-CUON-8_8-397x400.webp\" sizes=\"auto, (max-width: 701px) 100vw, 701px\" srcset=\"https:\/\/xopdantuongsaigon.com\/wp-content\/uploads\/2024\/12\/XOP-PVC-CUON-8_8-397x400.webp 397w, https:\/\/xopdantuongsaigon.com\/wp-content\/uploads\/2024\/12\/XOP-PVC-CUON-8_8-510x513.webp 510w, https:\/\/xopdantuongsaigon.com\/wp-content\/uploads\/2024\/12\/XOP-PVC-CUON-8_8-100x100.webp 100w, https:\/\/xopdantuongsaigon.com\/wp-content\/uploads\/2024\/12\/XOP-PVC-CUON-8_8.webp 596w\" alt=\"\" width=\"701\" height=\"706\" \/><\/p>\n<h3><strong>6. L\u01b0u \u00fd khi s\u1eed d\u1ee5ng<\/strong><\/h3>\n<ul>\n<li>Tr\u00e1nh d\u00e1n s\u1ea3n ph\u1ea9m l\u00ean b\u1ec1 m\u1eb7t g\u1ed3 gh\u1ec1 ho\u1eb7c c\u00f3 nhi\u1ec1u b\u1ee5i b\u1ea9n, v\u00ec s\u1ebd \u1ea3nh h\u01b0\u1edfng \u0111\u1ebfn \u0111\u1ed9 b\u00e1m d\u00ednh.<\/li>\n<li>Kh\u00f4ng s\u1eed d\u1ee5ng trong m\u00f4i tr\u01b0\u1eddng c\u00f3 nhi\u1ec7t \u0111\u1ed9 qu\u00e1 cao, \u0111\u1ec3 \u0111\u1ea3m b\u1ea3o \u0111\u1ed9 b\u1ec1n l\u00e2u d\u00e0i.<\/li>\n<li>N\u1ebfu c\u1ea7n th\u00e1o g\u1ee1, h\u00e3y d\u00f9ng d\u1ee5ng c\u1ee5 h\u1ed7 tr\u1ee3 \u0111\u1ec3 tr\u00e1nh l\u00e0m h\u1ecfng b\u1ec1 m\u1eb7t t\u01b0\u1eddng.<\/li>\n<\/ul>\n<div class=\"markdown prose w-full break-words dark:prose-invert light\">\n<h3><strong>7. K\u1ebft lu\u1eadn<\/strong><\/h3>\n<p><a href=\"https:\/\/xopdantuong3dsaigon.com\/index.php\/product-category\/xop-cuon-pvc-san-keo\/\"><strong>Cu\u1ed9n X\u1ed1p PVC V\u00e2n \u0110\u00e1 Hoa C\u01b0\u01a1ng S\u1eb5n Keo T\u1ef1 D\u00ednh, Si\u00eau \u0110\u1eb9p Kh\u1ed5 0.6m x 3m D\u00e0y 3mm<\/strong><\/a>\u00a0l\u00e0 l\u1ef1a ch\u1ecdn ho\u00e0n h\u1ea3o cho nh\u1eefng ai mu\u1ed1n n\u00e2ng c\u1ea5p kh\u00f4ng gian s\u1ed1ng m\u00e0 kh\u00f4ng t\u1ed1n qu\u00e1 nhi\u1ec1u chi ph\u00ed hay c\u00f4ng s\u1ee9c. V\u1edbi thi\u1ebft k\u1ebf sang tr\u1ecdng, ch\u1ea5t li\u1ec7u b\u1ec1n b\u1ec9 v\u00e0 t\u00ednh n\u0103ng ti\u1ec7n l\u1ee3i, s\u1ea3n ph\u1ea9m n\u00e0y ch\u1eafc ch\u1eafn s\u1ebd mang l\u1ea1i s\u1ef1 h\u00e0i l\u00f2ng cho ng\u01b0\u1eddi s\u1eed d\u1ee5ng.<\/p>\n<p>H\u00e3y nhanh tay s\u1edf h\u1eefu cu\u1ed9n x\u1ed1p PVC v\u00e2n \u0111\u00e1 hoa c\u01b0\u01a1ng \u0111\u1ec3 bi\u1ebfn kh\u00f4ng gian s\u1ed1ng c\u1ee7a b\u1ea1n tr\u1edf n\u00ean \u0111\u1eb3ng c\u1ea5p h\u01a1n ngay h\u00f4m nay!<\/p>\n<p><img loading=\"lazy\" decoding=\"async\" class=\"wp-image-1721 aligncenter\" src=\"https:\/\/xopdantuongsaigon.com\/wp-content\/uploads\/2024\/12\/XOP-PVC-CUON-7_7.webp\" alt=\"\" width=\"699\" height=\"682\" \/><\/p>\n<\/div>\n<p><a href=\"https:\/\/xopdantuong3dsaigon.com\/index.php\/product-category\/xop-cuon-pvc-san-keo\/\"><strong>Cu\u1ed9n x\u1ed1p d\u00e1n t\u01b0\u1eddng PVC S\u1eb5n Keo\u00a0<\/strong><\/a>\u00a0l\u00e0 gi\u1ea3i ph\u00e1p trang tr\u00ed n\u1ed9i th\u1ea5t ho\u00e0n h\u1ea3o cho nh\u1eefng ai y\u00eau th\u00edch s\u1ef1 m\u1edbi m\u1ebb v\u00e0 hi\u1ec7n \u0111\u1ea1i. V\u1edbi thi\u1ebft k\u1ebf 3D s\u1ed1ng \u0111\u1ed9ng, \u0111a d\u1ea1ng m\u00e0u s\u1eafc v\u00e0 ch\u1ea5t li\u1ec7u cao c\u1ea5p, s\u1ea3n ph\u1ea9m kh\u00f4ng ch\u1ec9 gi\u00fap l\u00e0m m\u1edbi kh\u00f4ng gian s\u1ed1ng m\u00e0 c\u00f2n b\u1ea3o v\u1ec7 t\u01b0\u1eddng nh\u00e0 b\u1ea1n m\u1ed9t c\u00e1ch hi\u1ec7u qu\u1ea3. H\u00e3y ch\u1ecdn x\u1ed1p d\u00e1n t\u01b0\u1eddng 3D g\u1ea1ch th\u1ebb m\u00e0u \u0111\u1ec3 tr\u1ea3i nghi\u1ec7m s\u1ef1 kh\u00e1c bi\u1ec7t v\u00e0 n\u00e2ng t\u1ea7m kh\u00f4ng gian s\u1ed1ng c\u1ee7a b\u1ea1n ngay h\u00f4m nay.<\/p>\n<div class=\"x11i5rnm xat24cr x1mh8g0r x1vvkbs xtlvy1s x126k92a\">\n<div dir=\"auto\"><span class=\"x3nfvp2 x1j61x8r x1fcty0u xdj266r xhhsvwb xat24cr xgzva0m xxymvpz xlup9mm x1kky2od\"><img loading=\"lazy\" decoding=\"async\" class=\"xz74otr\" src=\"https:\/\/static.xx.fbcdn.net\/images\/emoji.php\/v9\/t44\/1.5\/16\/26d4.png\" alt=\"\u26d4\" width=\"16\" height=\"16\" \/><\/span><span class=\"x3nfvp2 x1j61x8r x1fcty0u xdj266r xhhsvwb xat24cr xgzva0m xxymvpz xlup9mm x1kky2od\"><img loading=\"lazy\" decoding=\"async\" class=\"xz74otr\" src=\"https:\/\/static.xx.fbcdn.net\/images\/emoji.php\/v9\/t44\/1.5\/16\/26d4.png\" alt=\"\u26d4\" width=\"16\" height=\"16\" \/><\/span>\u0110\u1eb6C BI\u1ec6T: kh\u00e1ch l\u1ebb mua nhi\u1ec1u \u0111c t\u00ednh gi\u00e1 s\u1ec9. Mua c\u1ea3 bao gi\u00e1 r\u1ebb nh\u01b0 cho.<\/div>\n<div dir=\"auto\"><\/div>\n<div dir=\"auto\"><\/div>\n<\/div>\n<div class=\"x11i5rnm xat24cr x1mh8g0r x1vvkbs xtlvy1s x126k92a\">\n<div dir=\"auto\">Cam k\u1ebft kh\u00f4ng \u0111\u00e2u r\u1ebb h\u01a1n, ch\u1ea5t l\u01b0\u1ee3ng tuy\u1ec7t \u0111\u1ed1i.<\/div>\n<div dir=\"auto\"><\/div>\n<div dir=\"auto\"><\/div>\n<\/div>\n<div class=\"x11i5rnm xat24cr x1mh8g0r x1vvkbs xtlvy1s x126k92a\">\n<div dir=\"auto\">H\u00c0NG S\u1eb4N GIAO NGAY, SHIP COD TO\u00c0N QU\u1ed0C.<\/div>\n<div dir=\"auto\"><\/div>\n<div dir=\"auto\"><\/div>\n<\/div>\n<div class=\"x11i5rnm xat24cr x1mh8g0r x1vvkbs xtlvy1s x126k92a\">\n<div dir=\"auto\"><span class=\"x3nfvp2 x1j61x8r x1fcty0u xdj266r xhhsvwb xat24cr xgzva0m xxymvpz xlup9mm x1kky2od\"><img loading=\"lazy\" decoding=\"async\" class=\"xz74otr\" src=\"https:\/\/static.xx.fbcdn.net\/images\/emoji.php\/v9\/t45\/1.5\/16\/1f4ee.png\" alt=\"\ud83d\udcee\" width=\"16\" height=\"16\" \/><\/span>\u0110\u1ecba Ch\u1ec9 :33\/6 \u0110\u01b0\u1eddng S\u1ed1 5, Ph\u01b0\u1eddng B\u00ecnh H\u01b0ng H\u00f2a, Qu\u1eadn B\u00ecnh T\u00e2n, HCM.<\/div>\n<div dir=\"auto\"><\/div>\n<\/div>\n<div class=\"x11i5rnm xat24cr x1mh8g0r x1vvkbs xtlvy1s x126k92a\">\n<h3 dir=\"auto\"><span class=\"x3nfvp2 x1j61x8r x1fcty0u xdj266r xhhsvwb xat24cr xgzva0m xxymvpz xlup9mm x1kky2od\"><img loading=\"lazy\" decoding=\"async\" class=\"xz74otr\" src=\"https:\/\/static.xx.fbcdn.net\/images\/emoji.php\/v9\/ta9\/1.5\/16\/260e.png\" alt=\"\u260e\ufe0f\" width=\"16\" height=\"16\" \/><\/span>zalo :\u00a0<strong>034 909 1424 \u2013 0902 037 631<\/strong><\/h3>\n<\/div>\n<div dir=\"auto\"><\/div>\n<div dir=\"auto\">Fanpage :\u00a0<strong><a href=\"https:\/\/www.facebook.com\/xopdantuong3dSG\" target=\"_blank\" rel=\"noopener\">X\u1ed1p D\u00e1n T\u01b0\u1eddng 3D S\u00e0i G\u00f2n<\/a><\/strong><\/div>\n<div dir=\"auto\"><\/div>\n<div dir=\"auto\">Website :\u00a0<strong><a href=\"https:\/\/xopdantuong3dsaigon.com\/\">https:\/\/xopdantuong3dsaigon.com<\/a><\/strong><\/div>\n","protected":false},"excerpt":{"rendered":"<p>-M\u00e3 SP :\u00a0<a href=\"https:\/\/xopdantuong3dsaigon.com\/index.php\/product-category\/xop-cuon-pvc-san-keo\/\"><strong>Cu\u1ed9n X\u1ed1p D\u00e1n T\u01b0\u1eddng PVC S\u1eb5n Keo<\/strong><\/a><\/p>\n<p>-\u0110\u1ed9 d\u00e0y chu\u1ea9n : 3mm.<\/p>\n<p>-K\u00edch th\u01b0\u1edbc: 60cm (chi\u1ec1u r\u1ed9ng) x 3m (chi\u1ec1u d\u00e0i)<\/p>\n<p>\u2013 S\u1eb5n keo \u1edf m\u1eb7t sau, l\u1ed9t ra l\u00e0 d\u00e1n.<\/p>\n<p>\u2013Ch\u1ea5t li\u1ec7u: Nh\u1ef1a PVC cao c\u1ea5p, ch\u1ed1ng tr\u01a1n, ch\u1ed1ng tr\u01b0\u1ee3t, ch\u1ed1ng ch\u00e1y<\/p>\n<p>C\u00f4ng D\u1ee5ng :<\/p>\n<p>\u2013 \ufe0fD\u00e1n che khuy\u1ebft \u0111i\u1ec3m t\u01b0\u1eddng m\u1ed1c, \u1ea9m nh\u1eb9, bong, s\u01a1n, l\u1ed3i, l\u00f5m, n\u01b0\u1edbc s\u01a1n c\u0169.<\/p>\n<p>-\ufe0fTrang tr\u00ed, t\u1ea1o \u0111i\u1ec3m nh\u1ea5n.<\/p>\n<p>\ufe0f-Kh\u00f4ng b\u00e1m b\u1ee5i, d\u1ec5 lau ch\u00f9i.<\/p>\n<p>\ufe0f-Ch\u1ed1ng th\u1ea5m n\u01b0\u1edbc, \u1ea9m m\u1ed1c,mang l\u1ea1i cho b\u1ea1n kh\u00f4ng gian s\u1ea1ch s\u1ebd v\u00e0 trong l\u00e0nh<\/p>\n<p>-\ufe0fS\u1ea3n ph\u1ea9m c\u00f3 th\u1ec3 d\u00e1n, \u1ed1p \u0111\u01b0\u1ee3c tr\u00ean b\u1ec1 m\u1eb7t t\u01b0\u1eddng, g\u1ed7, k\u00ednh, kim lo\u1ea1i, inox, t\u01b0\u1eddng v\u00f4i, t\u01b0\u1eddng m\u00f3c b\u1ea9n,\u2026<\/p>\n","protected":false},"featured_media":5914,"comment_status":"open","ping_status":"closed","template":"","meta":[],"product_cat":[183],"product_tag":[184,185,186,187,188,189,190,191,192,193],"class_list":{"0":"post-5912","1":"product","2":"type-product","3":"status-publish","4":"has-post-thumbnail","6":"product_cat-xop-cuon-pvc-san-keo","7":"product_tag-cuon-pvc-van-da-tu-dinh-gia-re","8":"product_tag-cuon-xop-pvc-0-6m-x-3m","9":"product_tag-cuon-xop-tu-dinh-van-da","10":"product_tag-vat-lieu-trang-tri-noi-that-pvc-van-da","11":"product_tag-xop-dan-tuong-chong-tham-pvc","12":"product_tag-xop-dan-tuong-pvc-van-da","13":"product_tag-xop-dan-tuong-van-da-cao-cap","14":"product_tag-xop-pvc-van-da-hoa-cuong","15":"product_tag-xop-trang-tri-tuong-van-da-hoa-cuong","16":"product_tag-xop-van-da-hoa-cuong-san-keo","18":"first","19":"instock","20":"sale","21":"taxable","22":"shipping-taxable","23":"purchasable","24":"product-type-simple","25":"col-xs-6 col-sm-4","26":"col-md-3 col-lg-3","27":"un-4-cols"},"_links":{"self":[{"href":"https:\/\/xopdantuong3dsaigon.com\/index.php\/wp-json\/wp\/v2\/product\/5912","targetHints":{"allow":["GET"]}}],"collection":[{"href":"https:\/\/xopdantuong3dsaigon.com\/index.php\/wp-json\/wp\/v2\/product"}],"about":[{"href":"https:\/\/xopdantuong3dsaigon.com\/index.php\/wp-json\/wp\/v2\/types\/product"}],"replies":[{"embeddable":true,"href":"https:\/\/xopdantuong3dsaigon.com\/index.php\/wp-json\/wp\/v2\/comments?post=5912"}],"wp:featuredmedia":[{"embeddable":true,"href":"https:\/\/xopdantuong3dsaigon.com\/index.php\/wp-json\/wp\/v2\/media\/5914"}],"wp:attachment":[{"href":"https:\/\/xopdantuong3dsaigon.com\/index.php\/wp-json\/wp\/v2\/media?parent=5912"}],"wp:term":[{"taxonomy":"product_cat","embeddable":true,"href":"https:\/\/xopdantuong3dsaigon.com\/index.php\/wp-json\/wp\/v2\/product_cat?post=5912"},{"taxonomy":"product_tag","embeddable":true,"href":"https:\/\/xopdantuong3dsaigon.com\/index.php\/wp-json\/wp\/v2\/product_tag?post=5912"}],"curies":[{"name":"wp","href":"https:\/\/api.w.org\/{rel}","templated":true}]}}