{"id":5326,"date":"2023-08-16T18:31:39","date_gmt":"2023-08-16T11:31:39","guid":{"rendered":"https:\/\/xopdantuong3dsaigon.com\/?post_type=product&#038;p=5326"},"modified":"2023-08-16T18:38:31","modified_gmt":"2023-08-16T11:38:31","slug":"xop-gach-mau-day-4mm","status":"publish","type":"product","link":"https:\/\/xopdantuong3dsaigon.com\/index.php\/product\/xop-gach-mau-day-4mm\/","title":{"rendered":"X\u1ed0P G\u1ea0CH M\u00c0U D\u00c0Y 4MM"},"content":{"rendered":"<p>\u0110\u1ed9 d\u00e0y chu\u1ea9n : 4mm<\/p>\n<p>K\u00edch th\u01b0\u1edbc: 70*77 ( ngang 70cm, cao 77cm)<\/p>\n<p>S\u1eb5n keo \u1edf m\u1eb7t sau, l\u1ed9t ra l\u00e0 d\u00e1n.<\/p>\n<p>C\u00f4ng d\u1ee5ng t\u1ea5m x\u1ed1p :<\/p>\n<p>\ufe0fD\u00e1n che khuy\u1ebft \u0111i\u1ec3m t\u01b0\u1eddng m\u1ed1c, \u1ea9m nh\u1eb9, bong, s\u01a1n, l\u1ed3i, l\u00f5m, n\u01b0\u1edbc s\u01a1n c\u0169.<\/p>\n<p>\ufe0fTrang tr\u00ed, t\u1ea1o \u0111i\u1ec3m nh\u1ea5n.<\/p>\n<p>\ufe0fCh\u1ecbu l\u1ef1c m\u1ea1nh, kh\u1ea3 n\u0103ng c\u00e1ch \u00e2m, c\u00e1ch nhi\u1ec7t t\u1ed1t<\/p>\n<p>\ufe0fCh\u1ed1ng th\u1ea5m n\u01b0\u1edbc, \u1ea9m m\u1ed1c,mang l\u1ea1i cho b\u1ea1n kh\u00f4ng gian s\u1ea1ch s\u1ebd v\u00e0 trong l\u00e0nh<\/p>\n<p>\ufe0fS\u1ea3n ph\u1ea9m c\u00f3 th\u1ec3 d\u00e1n, \u1ed1p \u0111\u01b0\u1ee3c tr\u00ean b\u1ec1 m\u1eb7t t\u01b0\u1eddng, g\u1ed7, k\u00ednh, kim lo\u1ea1i, inox, t\u01b0\u1eddng v\u00f4i, t\u01b0\u1eddng m\u00f3c b\u1ea9n,\u2026<\/p>\n<p>\ufe0fS\u1ea3n ph\u1ea9m v\u1edbi \u0111\u1ed9 b\u1ec1n cao v\u1edbi keo chuy\u00ean d\u1ee5ng c\u1ee7a H\u00e0n Qu\u1ed1c c\u1ef1c k\u1ef3 ch\u1eafc ch\u1eafn.<\/p>\n<p>\ufe0fCh\u1ea5t li\u1ec7u th\u00e2n thi\u1ec7n m\u00f4i tr\u01b0\u1eddng, g\u00f3c c\u1ea1nh c\u1ee7a x\u1ed1p m\u1ec1m m\u1ea1i h\u01a1n, an to\u00e0n cho tr\u1ebb em khi \u0111\u01b0\u1ee3c b\u1ea3o v\u1ec7 b\u1eb1ng mi\u1ebfng \u1ed1p t\u01b0\u1eddng.<\/p>\n<p>\ufe0fD\u00e1n \u0111\u01b0\u1ee3c m\u1ecdi b\u1ec1 m\u1eb7t v\u00e0 ko m\u1ea5t nhi\u1ec1u th\u1eddi gian \u0111\u1ec3 X\u1eec L\u00dd t\u01b0\u1eddng. ( Ch\u1ec9 c\u1ea7n lau s\u01a1 l\u00e0 d\u00e1n tr\u1ef1c ti\u1ebfp)<\/p>\n<p>\ufe0fT\u01b0\u1eddng \u1ea8M, M\u1ed0C, TH\u1ea4M N\u01af\u1edaC \u0111\u1ec1u s\u1eed d\u1ee5ng \u0111\u01b0\u1ee3c.<\/p>\n<p>\ufe0fCH\u1ed0NG N\u01af\u1edaC, C\u00c1CH \u00c2M, C\u00c1CH NHI\u1ec6T, H\u1ea0N CH\u1ebe VA \u0110\u1eacP cho tr\u1ebb nh\u1ecf.<\/p>\n<p>\ufe0fB\u1ec1 m\u1eb7t ph\u1ee7 nh\u1ef1a vinyl d\u1ec5 d\u00e0ng lau ch\u00f9i, h\u1ea1n ch\u1ebf ch\u00e1y lan.<\/p>\n<p>\ufe0f KH\u00d4NG M\u00d9I, KH\u00d4NG CH\u1ea4T \u0110\u1ed8C H\u1ea0I, an to\u00e0n cho tr\u1ebb nh\u1ecf.<\/p>\n<p>\ufe0f\u0110\u1ed8 B\u1ec0N t\u1eeb 5-7 n\u0103m.<\/p>\n<p>\u0110\u1eb6C BI\u1ec6T: kh\u00e1ch l\u1ebb mua nhi\u1ec1u \u0111c t\u00ednh gi\u00e1 s\u1ec9. Mua c\u1ea3 bao gi\u00e1 r\u1ebb nh\u01b0 cho.<\/p>\n<p>Cam k\u1ebft kh\u00f4ng \u0111\u00e2u r\u1ebb h\u01a1n, ch\u1ea5t l\u01b0\u1ee3ng tuy\u1ec7t \u0111\u1ed1i<\/p>\n","protected":false},"excerpt":{"rendered":"<p>\u0110\u1ed9 d\u00e0y chu\u1ea9n : 4mm<\/p>\n<p>K\u00edch th\u01b0\u1edbc: 70*77 ( ngang 70cm, cao 77cm)<\/p>\n<p>S\u1eb5n keo \u1edf m\u1eb7t sau, l\u1ed9t ra l\u00e0 d\u00e1n.<\/p>\n","protected":false},"featured_media":5327,"comment_status":"open","ping_status":"closed","template":"","meta":[],"product_cat":[85],"product_tag":[150,152,154,155,96],"class_list":{"0":"post-5326","1":"product","2":"type-product","3":"status-publish","4":"has-post-thumbnail","6":"product_cat-gia-gach-4mm","7":"product_tag-decal-dan-tuong","8":"product_tag-decal-tuong","9":"product_tag-xop-dan-tuong","10":"product_tag-xop-van-gach","11":"product_tag-xopdantuong","13":"first","14":"instock","15":"sale","16":"taxable","17":"shipping-taxable","18":"purchasable","19":"product-type-simple","20":"col-xs-6 col-sm-4","21":"col-md-3 col-lg-3","22":"un-4-cols"},"_links":{"self":[{"href":"https:\/\/xopdantuong3dsaigon.com\/index.php\/wp-json\/wp\/v2\/product\/5326","targetHints":{"allow":["GET"]}}],"collection":[{"href":"https:\/\/xopdantuong3dsaigon.com\/index.php\/wp-json\/wp\/v2\/product"}],"about":[{"href":"https:\/\/xopdantuong3dsaigon.com\/index.php\/wp-json\/wp\/v2\/types\/product"}],"replies":[{"embeddable":true,"href":"https:\/\/xopdantuong3dsaigon.com\/index.php\/wp-json\/wp\/v2\/comments?post=5326"}],"wp:featuredmedia":[{"embeddable":true,"href":"https:\/\/xopdantuong3dsaigon.com\/index.php\/wp-json\/wp\/v2\/media\/5327"}],"wp:attachment":[{"href":"https:\/\/xopdantuong3dsaigon.com\/index.php\/wp-json\/wp\/v2\/media?parent=5326"}],"wp:term":[{"taxonomy":"product_cat","embeddable":true,"href":"https:\/\/xopdantuong3dsaigon.com\/index.php\/wp-json\/wp\/v2\/product_cat?post=5326"},{"taxonomy":"product_tag","embeddable":true,"href":"https:\/\/xopdantuong3dsaigon.com\/index.php\/wp-json\/wp\/v2\/product_tag?post=5326"}],"curies":[{"name":"wp","href":"https:\/\/api.w.org\/{rel}","templated":true}]}}