{"id":5177,"date":"2023-08-16T12:24:03","date_gmt":"2023-08-16T05:24:03","guid":{"rendered":"https:\/\/xopdantuong3dsaigon.com\/?post_type=product&#038;p=5177"},"modified":"2023-08-16T12:24:03","modified_gmt":"2023-08-16T05:24:03","slug":"giay-dan-tuong-xam-long-kho-45cm-x-10m","status":"publish","type":"product","link":"https:\/\/xopdantuong3dsaigon.com\/index.php\/product\/giay-dan-tuong-xam-long-kho-45cm-x-10m\/","title":{"rendered":"GI\u1ea4Y D\u00c1N T\u01af\u1edcNG X\u00c1M L\u00d4NG &#8211; KH\u1ed4 45CM X 10M"},"content":{"rendered":"<p>-S\u1ea2N PH\u1ea8M GI\u1ea4Y D\u00c1N T\u01af\u1edcNG S\u1eb4N KEO.<\/p>\n<p>R\u1ed8NG L\u00c0 45CM, D\u00c0I 10M<\/p>\n<p>+Ch\u1ea5t li\u1ec7u PVC: s\u1ee3i gi\u1ea5y t\u1ed5ng h\u1ee3p ch\u1ed1ng th\u1ea5m.<\/p>\n<p>+ S\u1ea3n ph\u1ea9m c\u00f3 k\u1ebft c\u1ea5u t\u1ed1t ,tu\u1ed5i th\u1ecd d\u00e0i, kh\u00f4ng d\u1ec5 phai, kh\u00f4ng th\u1ea5m n\u01b0\u1edbc ,kh\u00f4ng \u0111\u1ed9c h\u1ea1i, ho\u00e0n to\u00e0n th\u00e2n thi\u1ec7n v\u1edbi<br \/>\nm\u00f4i tr\u01b0\u1eddng .C\u00f3 th\u1ec3 d\u00e1n tr\u00ean b\u1ec1 m\u1eb7t v\u1eadt li\u00eau m\u1ecbn nh\u01b0 t\u01b0\u1eddng s\u01a1n,k\u00ednh, g\u1ea1ch,t\u1ee7, \u0111\u1ed3 n\u1ed9i th\u1ea5t.<\/p>\n<p>&#8212;H\u01af\u1edaNG D\u1eaaN S\u1eec D\u1ee4NG&#8211;<\/p>\n<p>+Tr\u01b0\u1edbc khi d\u00e1n \u0111\u1ea3m b\u1ea3o b\u1ec1 m\u1eb7t , v\u1ecb tr\u00ed d\u00e1n s\u1ea1ch s\u1ebd.<\/p>\n<p>+Khi g\u1eafn m\u1ed9t mi\u1ebfng d\u00e1n h\u00e3y b\u00f3c ra t\u1eeb g\u00f3c v\u00e0 d\u00e1n n\u00f3 trong khi t\u1eeb t\u1eeb b\u1ecf l\u1edbp l\u00f3t. Trong qu\u00e1 tr\u00ecnh d\u00e1n b\u1ea1n h\u00e3y s\u1eed d\u1ee5ng<br \/>\nm\u1ed9t mi\u1ebfng v\u1ea3i m\u1ec1m \u0111\u1ec3 mi\u1ebft khi d\u00e1n s\u1ebd t\u1ed1t h\u01a1n.<\/p>\n<p>+N\u1ebfu ban v\u00f4 t\u00ecnh l\u00e0m nh\u0103n khi d\u00e1n, h\u00e3y c\u1ea9n th\u1eadn b\u00f3c v\u00e0 d\u00e1n l\u1ea1i . Xin vui l\u00f2ng kh\u00f4ng k\u00e9o m\u1ea1nh khi b\u00f3c \u0111\u1ec3 tr\u00e1nh l\u00e0m<br \/>\nh\u1ecfng.<\/p>\n<p>+M\u00e0u s\u1eafc t\u01b0\u01a1i s\u00e1ng v\u00e0 thi\u1ebft k\u1ebf \u0111a d\u1ea1ng l\u00e0m l\u1ed5i b\u1eadt .Mang l\u1ea1i s\u1ee9c s\u1ed1ng cho kh\u00f4ng gian tr\u1ed1ng ban \u0111\u1ea7u. b\u1ea1n kh\u00f4ng ph\u1ea3i<br \/>\nb\u1ecf ra chi ph\u00ed l\u1edbn cho trang tr\u00ed ,ti\u1ebft ki\u1ec7m v\u00e0 thu\u1eadn ti\u1ec7n .<\/p>\n<p>+. khi \u0111\u1eb7t h\u00e0ng b\u1ea1n c\u1ea7n t\u00ednh d\u01b0 ra m\u1ed9t ch\u00fat \u0111\u1ec3 mua 1 l\u1ea7n \u0111\u1ee7 lu\u00f4n a.<\/p>\n<p>***Ch\u00fa \u00fd: \u0110\u1ed1i v\u1edbi t\u01b0\u1eddng \u1ea9m,bong tr\u00f3c ,th\u00f4,t\u01b0\u1eddng \u0111\u00e3 s\u01a1n b\u1eb1ng s\u01a1n ch\u1ed1ng b\u00e1m b\u1ea1n ph\u1ea3i d\u00f9ng keo chuy\u00ean d\u1ee5ng \u0111\u1ec3 d\u00e1n<\/p>\n<p>1 Gi\u1ea5y D\u00e1n T\u01b0\u1eddng c\u00f3 s\u1eafn keo .b\u1ea1n c\u00f3 th\u1ec3 b\u00f3c d\u00e1n tr\u00ean c\u00e1c b\u1ec1 m\u1eb7t t\u01b0\u1eddng kh\u00f4 nh\u1eb5n ho\u1eb7c b\u1ec3 m\u1eb7t nh\u01b0 b\u00e0n ,gh\u1ebf ,t\u1ee7<\/p>\n<p>2 B\u1ea1n d\u00f9ng keo ngo\u00e0i chuy\u00ean d\u1ee5ng \u0111\u1ec3 d\u00e1n (keo s\u1eefa v\u00e0 keo b\u1ed9t) khi thi c\u00f4ng b\u1ea1n kh\u00f4ng b\u00f3c l\u1edbp \u0111\u1ebf Gi\u1ea5y D\u00e1n T\u01b0\u1eddng<br \/>\nm\u00e0 d\u00f9ng keo l\u0103n tr\u1ef1c ti\u1ebfp tr\u00ean Gi\u1ea5y D\u00e1n T\u01b0\u1eddng ho\u1eb7c l\u0103n tr\u00ean t\u01b0\u1eddng \u0111\u1ec3 d\u00e1n tr\u1ef1c ti\u1ebfp.<\/p>\n<p>+Khi gia \u0111\u00ecnh b\u1ea1n t\u1eadn h\u01b0\u1edfng ni\u1ec1m vui, \u0111\u00f3 l\u00e0 h\u1ea1nh ph\u00fac c\u1ee7a ch\u00fang t\u00f4i , b\u1ea1n c\u00f3 th\u1ec3 thay \u0111\u1ed5i phong c\u00e1ch trang tr\u00ed n\u1ed9i<br \/>\nth\u1ea5t d\u1ec5 d\u00e0ng h\u01a1n.T\u1ea1o ng\u00f4i nh\u00e0 \u0111\u1ed9c \u0111\u00e1o ,\u1ea5m \u00e1p mang phong c\u00e1ch c\u1ee7a ri\u00eang ban.<\/p>\n<p>\u0110\u1eb6C BI\u1ec6T<\/p>\n<p>&#8212; Q\u00fay kh\u00e1ch b\u1ea5m n\u00fat &#8220;THEO D\u00d5I&#8221; Shop \u0111\u1ec3 nh\u1eadn khuy\u1ebfn m\u00e3i !!!S\u1eacP S\u00c0N..!!!<\/p>\n<p>&#8212;&#8212;&#8212;&#8212;&#8212;&#8212;&#8212;&#8212;&#8212;&#8212;&#8212;&#8212;&#8212;&#8212;&#8212;&#8212;&#8212;&#8212;&#8212;&#8212;&#8212;&#8212;&#8212;&#8212;&#8212;&#8211;<\/p>\n<p>&nbsp;<\/p>\n<p>&#8212;- C\u1ea3m \u01a0n Q\u00fay Kh\u00e1ch \u0110\u00e3 Gh\u00e9 Qua Gian H\u00e0ng . Ch\u00fac Q\u00fay Kh\u00e1ch M\u1ed9t Ng\u00e0y Vui V\u1ebb &#8212;-<\/p>\n","protected":false},"excerpt":{"rendered":"<p>R\u1ed8NG L\u00c0 45CM, D\u00c0I 10M<\/p>\n<p>+Ch\u1ea5t li\u1ec7u PVC: s\u1ee3i gi\u1ea5y t\u1ed5ng h\u1ee3p ch\u1ed1ng th\u1ea5m.<\/p>\n<p>+ S\u1ea3n ph\u1ea9m c\u00f3 k\u1ebft c\u1ea5u t\u1ed1t ,tu\u1ed5i th\u1ecd d\u00e0i, kh\u00f4ng d\u1ec5 phai, kh\u00f4ng th\u1ea5m n\u01b0\u1edbc ,kh\u00f4ng \u0111\u1ed9c h\u1ea1i, ho\u00e0n to\u00e0n th\u00e2n thi\u1ec7n v\u1edbi<br \/>\nm\u00f4i tr\u01b0\u1eddng .C\u00f3 th\u1ec3 d\u00e1n tr\u00ean b\u1ec1 m\u1eb7t v\u1eadt li\u00eau m\u1ecbn nh\u01b0 t\u01b0\u1eddng s\u01a1n,k\u00ednh, g\u1ea1ch,t\u1ee7, \u0111\u1ed3 n\u1ed9i th\u1ea5t.<\/p>\n","protected":false},"featured_media":5178,"comment_status":"open","ping_status":"closed","template":"","meta":[],"product_cat":[15],"product_tag":[150,152,146,149,151,99],"class_list":{"0":"post-5177","1":"product","2":"type-product","3":"status-publish","4":"has-post-thumbnail","6":"product_cat-uncategorized","7":"product_tag-decal-dan-tuong","8":"product_tag-decal-tuong","9":"product_tag-giay-dan-kinh","10":"product_tag-giay-dan-tuong","11":"product_tag-giay-dan-tuong-san-keo","12":"product_tag-giaydantuong","14":"first","15":"instock","16":"sale","17":"taxable","18":"shipping-taxable","19":"purchasable","20":"product-type-simple","21":"col-xs-6 col-sm-4","22":"col-md-3 col-lg-3","23":"un-4-cols"},"_links":{"self":[{"href":"https:\/\/xopdantuong3dsaigon.com\/index.php\/wp-json\/wp\/v2\/product\/5177","targetHints":{"allow":["GET"]}}],"collection":[{"href":"https:\/\/xopdantuong3dsaigon.com\/index.php\/wp-json\/wp\/v2\/product"}],"about":[{"href":"https:\/\/xopdantuong3dsaigon.com\/index.php\/wp-json\/wp\/v2\/types\/product"}],"replies":[{"embeddable":true,"href":"https:\/\/xopdantuong3dsaigon.com\/index.php\/wp-json\/wp\/v2\/comments?post=5177"}],"wp:featuredmedia":[{"embeddable":true,"href":"https:\/\/xopdantuong3dsaigon.com\/index.php\/wp-json\/wp\/v2\/media\/5178"}],"wp:attachment":[{"href":"https:\/\/xopdantuong3dsaigon.com\/index.php\/wp-json\/wp\/v2\/media?parent=5177"}],"wp:term":[{"taxonomy":"product_cat","embeddable":true,"href":"https:\/\/xopdantuong3dsaigon.com\/index.php\/wp-json\/wp\/v2\/product_cat?post=5177"},{"taxonomy":"product_tag","embeddable":true,"href":"https:\/\/xopdantuong3dsaigon.com\/index.php\/wp-json\/wp\/v2\/product_tag?post=5177"}],"curies":[{"name":"wp","href":"https:\/\/api.w.org\/{rel}","templated":true}]}}