{"id":5144,"date":"2023-08-14T21:19:20","date_gmt":"2023-08-14T14:19:20","guid":{"rendered":"https:\/\/xopdantuong3dsaigon.com\/?post_type=product&#038;p=5144"},"modified":"2023-08-14T21:20:48","modified_gmt":"2023-08-14T14:20:48","slug":"decal-dan-kinh-kho-90cm-x-1m","status":"publish","type":"product","link":"https:\/\/xopdantuong3dsaigon.com\/index.php\/product\/decal-dan-kinh-kho-90cm-x-1m\/","title":{"rendered":"DECAL D\u00c1N K\u00cdNH &#8211; KH\u1ed4 90CM X 1M"},"content":{"rendered":"<p>GI\u1ea4Y D\u00c1N K\u00cdNH kh\u1ed5 90CM nhi\u1ec1u m\u1eabu m\u00e3 \u0111\u1eb9p, \u0111a d\u1ea1ng m\u00e0u s\u1eafc.<\/p>\n<p>&#8211; T\u00c1C D\u1ee4NG: c\u1ea3n nhi\u1ec7t, c\u1ea3n n\u1eafng, h\u1ea1n ch\u1ebf t\u1ed1i \u0111a b\u1ee9c x\u1ea1 m\u1eb7t tr\u1eddi chi\u1ebfu v\u00e0o nh\u00e0 l\u00e0m d\u1ecbu ph\u00f2ng.<\/p>\n<ul>\n<li>Ph\u00f9 h\u1ee3p v\u1edbi m\u1ecdi th\u1eddi ti\u1ebft t\u1ea1o kh\u00f4ng gian tho\u00e1ng<\/li>\n<\/ul>\n<p>&#8211; \u0110\u1eb6C BI\u1ec6T:<\/p>\n<p>Khi d\u00e1n k\u00ednh v\u00e0o ng\u01b0\u1eddi \u0111i \u0111\u01b0\u1eddng hay nh\u00e0 \u0111\u1ed1i di\u1ec7n s\u1ebb kh\u00f4ng nh\u00ecn \u0111\u01b0\u1ee3c v\u00e0o nh\u00e0,ph\u00f2ng t\u1ea1o s\u1ef1 k\u00edn \u0111\u00e1o ri\u00eang t\u01b0 m\u00e0 v\u1eabn l\u1ea5y \u0111\u01b0\u1ee3c \u00e1nh s\u00e1ng \u0111\u1ee7 \u0111\u1ec3 l\u00e0m tho\u00e1ng nh\u00e0<\/p>\n<p>&#8211; Gi\u1ea5y c\u00f3 keo s\u1eb5n, \u0111\u1ed9 b\u00e1m d\u00ednh t\u1ed1t, kh\u00f4ng g\u00e2y h\u1ea1i cho s\u1ee9c kh\u1ecfe.<\/p>\n<p>* H\u01af\u1edaNG D\u1eaaN C\u00c1CH D\u00c1N:<\/p>\n<p>Phun \u01b0\u1edbt b\u1ec1 m\u1eb7t k\u00ednh c\u1ea7n d\u00e1n v\u1edbi n\u01b0\u1edbc ho\u1eb7c n\u01b0\u1edbc r\u1eeda b\u00e1t pha lo\u00e3ng, sau \u0111\u00f3 x\u00e9 b\u1ecf l\u1edbp keo ph\u00eda sau v\u00e0 d\u00e1n l\u00ean, \u0111i\u1ec1u ch\u1ec9nh cho v\u1ecb tr\u00ed gi\u1ea5y d\u00e1n \u0111\u00fang v\u1ecb tr\u00ed th\u00edch h\u1ee3p d\u00f9ng th\u01b0\u1edbc k\u1ebb ho\u1eb7c th\u1ebb ATM g\u1ea1t n\u01b0\u1edbc t\u1eeb gi\u1eefa ra 4 g\u00f3c cho ra h\u1ebft n\u01b0\u1edbc x\u00e0 ph\u00f2ng k\u00ednh s\u1ebb d\u1ea7n kh\u00f4 b\u00e1m d\u00ednh v\u00e0 b\u1eb1ng ph\u1eb3ng.<\/p>\n<p>* Kh\u00e1ch ch\u1ecdn m\u00e0u v\u00e0 mu\u1ed1n xem th\u00eam m\u1eabu th\u00ec nh\u1eafn tin ri\u00eang v\u1edbi shop.<\/p>\n<p>&#8211; Shop \u0111\u1ea3m b\u1ea3o h\u00e0ng \u0111\u00fang ch\u1ea5t l\u01b0\u1ee3ng, h\u00ecnh \u1ea3nh th\u1eadt ch\u1ee5p t\u1ea1i c\u1eeda h\u00e0ng tr\u01b0ng b\u00e0y sp.<\/p>\n<p>&#8211; Kh\u1ed5 r\u1ed9ng 90cm b\u00e1n theo m d\u00e0i ( v\u00ed d\u1ee5 kh\u00e1ch mua 10m th\u00ec shop c\u1eaft g\u1eedi \u0111i 10m d\u00e0i r\u1ed9ng 90cm)<\/p>\n","protected":false},"excerpt":{"rendered":"<p>&nbsp;<\/p>\n<ul>\n<li>C\u1ea3n nhi\u1ec7t, c\u1ea3n n\u1eafng, h\u1ea1n ch\u1ebf t\u1ed1i \u0111a b\u1ee9c x\u1ea1 m\u1eb7t tr\u1eddi chi\u1ebfu v\u00e0o nh\u00e0 l\u00e0m d\u1ecbu ph\u00f2ng.<\/li>\n<li>C\u00f3 keo s\u1eb5n, \u0111\u1ed9 b\u00e1m d\u00ednh t\u1ed1t, kh\u00f4ng g\u00e2y h\u1ea1i cho s\u1ee9c kh\u1ecfe.<\/li>\n<li>Kh\u1ed5 r\u1ed9ng 90cm b\u00e1n theo m d\u00e0i ( v\u00ed d\u1ee5 kh\u00e1ch mua 10m th\u00ec shop c\u1eaft g\u1eedi \u0111i 10m d\u00e0i r\u1ed9ng 90cm)<\/li>\n<\/ul>\n","protected":false},"featured_media":5145,"comment_status":"open","ping_status":"closed","template":"","meta":[],"product_cat":[144],"product_tag":[148,145,147,146],"class_list":{"0":"post-5144","1":"product","2":"type-product","3":"status-publish","4":"has-post-thumbnail","6":"product_cat-decal-dan-kinh","7":"product_tag-decal-dan-kinh-san-keo","8":"product_tag-decal-kinh","9":"product_tag-decalkinh","10":"product_tag-giay-dan-kinh","12":"first","13":"instock","14":"sale","15":"taxable","16":"shipping-taxable","17":"purchasable","18":"product-type-simple","19":"col-xs-6 col-sm-4","20":"col-md-3 col-lg-3","21":"un-4-cols"},"_links":{"self":[{"href":"https:\/\/xopdantuong3dsaigon.com\/index.php\/wp-json\/wp\/v2\/product\/5144","targetHints":{"allow":["GET"]}}],"collection":[{"href":"https:\/\/xopdantuong3dsaigon.com\/index.php\/wp-json\/wp\/v2\/product"}],"about":[{"href":"https:\/\/xopdantuong3dsaigon.com\/index.php\/wp-json\/wp\/v2\/types\/product"}],"replies":[{"embeddable":true,"href":"https:\/\/xopdantuong3dsaigon.com\/index.php\/wp-json\/wp\/v2\/comments?post=5144"}],"wp:featuredmedia":[{"embeddable":true,"href":"https:\/\/xopdantuong3dsaigon.com\/index.php\/wp-json\/wp\/v2\/media\/5145"}],"wp:attachment":[{"href":"https:\/\/xopdantuong3dsaigon.com\/index.php\/wp-json\/wp\/v2\/media?parent=5144"}],"wp:term":[{"taxonomy":"product_cat","embeddable":true,"href":"https:\/\/xopdantuong3dsaigon.com\/index.php\/wp-json\/wp\/v2\/product_cat?post=5144"},{"taxonomy":"product_tag","embeddable":true,"href":"https:\/\/xopdantuong3dsaigon.com\/index.php\/wp-json\/wp\/v2\/product_tag?post=5144"}],"curies":[{"name":"wp","href":"https:\/\/api.w.org\/{rel}","templated":true}]}}