{"id":5132,"date":"2023-08-14T20:40:44","date_gmt":"2023-08-14T13:40:44","guid":{"rendered":"https:\/\/xopdantuong3dsaigon.com\/?post_type=product&#038;p=5132"},"modified":"2023-08-14T20:59:44","modified_gmt":"2023-08-14T13:59:44","slug":"bo-tham-xop-ghep-dai-duong","status":"publish","type":"product","link":"https:\/\/xopdantuong3dsaigon.com\/index.php\/product\/bo-tham-xop-ghep-dai-duong\/","title":{"rendered":"B\u1ed8 TH\u1ea2M X\u1ed0P GH\u00c9P \u0110\u1ea0I D\u01af\u01a0NG"},"content":{"rendered":"<p>CHI TI\u1ebeT S\u1ea2N PH\u1ea8M<\/p>\n<p>&#8211; 4 T\u1ea5m = 1 Mi\u1ebfng To = 1,44 m\u00e9t vu\u00f4ng<\/p>\n<ul>\n<li>K\u00edch th\u01b0\u1edbc : 60cm x 60cm x 1 cm = 0,36met vu\u00f4ng<\/li>\n<\/ul>\n<p>Xu\u1ea5t x\u1ee9: Vi\u1ec7t Nam.<\/p>\n<p>Th\u1ea3m L\u00f3t S\u00e0n Ho\u1ea1t H\u00ecnh 60x60cm<\/p>\n<p>M\u1ed7i t\u1ea5m 60cm x 60 cm x 1cm, c\u00f3 th\u1ec3 gh\u00e9p nhi\u1ec1u t\u1ea5m nh\u1ecf th\u00e0nh t\u1ea5m l\u1edbn tr\u1ea3i full s\u00e0n<\/p>\n<p>Xu\u1ea5t S\u1ee9: Vi\u1ec7t Nam Th\u1ea3m x\u1ed1p gh\u00e9p l\u00f3t n\u1ec1n nh\u00e0 m\u00e0u v\u00e2n g\u1ed7 \u0111\u01b0\u1ee3c thi\u1ebft k\u1ebf m\u1eb7t d\u01b0\u1edbi si\u00eau l\u00ec v\u1edbi \u0111\u1ed9 b\u00e1m s\u00e0n r\u1ea5t cao gi\u00fap b\u00e9 c\u00f3 th\u1ec3 tho\u1ea3i m\u00e1i ch\u01a1i \u0111\u00f9a, ch\u1ea1y nh\u1ea3y m\u00e0 kh\u00f4ng lo th\u1ea3m b\u1ecb x\u00f4 l\u1ec7ch, tr\u01b0\u1ee3t ng\u00e3.<\/p>\n<p>Th\u1ea3m d\u00f9ng l\u00f3t s\u00e0n \u1edf nh\u1eefng khu b\u00e9 y\u00eau vui ch\u01a1i \u0111\u1ec3 b\u1ea3o v\u1ec7 b\u00e9.<\/p>\n<p>V\u1edbi ch\u1ea5t li\u1ec7u b\u1eb1ng x\u1ed1p d\u00e0y, t\u1ea5m th\u1ea3m s\u1ebd gi\u00fap b\u00e9 tho\u1ea3i m\u00e1i vui ch\u01a1i m\u00e0 kh\u00f4ng s\u1ee3 t\u00e9 ng\u00e3 \u0111au, do v\u1eady r\u1ea5t an to\u00e0n, \u0111\u1eb7t bi\u1ec7t l\u00e0 \u0111\u1ed1i v\u1edbi tr\u1ebb t\u1eadp \u0111i.<\/p>\n<p>Ngo\u00e0i ra, nh\u00e0 c\u00f3 ng\u01b0\u1eddi l\u1edbn tu\u1ed5i, y\u1ebf c\u0169ng an t\u00e2m n\u1ebfu b\u1ecb t\u00e9 ng\u00e3 m\u00e0 v\u1eabn an to\u00e0n.K\u00edch th\u01b0\u1edbc c\u1ee7a mi\u1ebfng x\u1ed1p l\u00f3t s\u00e0n nh\u1ecf, ph\u00f9 h\u1ee3p v\u1edbi nh\u1eefng kh\u00f4ng gian g\u00f3c c\u1ea1nh.<\/p>\n<p>Th\u1ea3m \u0111\u01b0\u1ee3c thi\u1ebft k\u1ebf v\u1edbi nhi\u1ec1u m\u1ea3nh gh\u00e9p b\u1eb1ng ch\u1ea5t li\u1ec7u x\u1ed1p cao c\u1ea5p, an to\u00e0n tuy\u1ec7t \u0111\u1ed1i cho tr\u1ebb em v\u00e0 ng\u01b0\u1eddi gi\u00e0.Kh\u1ea3m x\u1ed1p kh\u00f4ng c\u00f3 m\u00f9i \u0111\u1ed9c h\u1ea1i gi\u00fap b\u00e9 c\u00f3 th\u1ec3 vui v\u1ebb ch\u01a1i \u0111\u00f9a m\u00e0 ph\u1ee5 huynh kh\u00f4ng ph\u1ea3i lo l\u1eafng.<\/p>\n<p>Th\u1ea3m x\u1ed1p gh\u00e9p l\u00f3t n\u1ec1n nh\u00e0 m\u00e0u v\u00e2n g\u1ed7 d\u1ec5 d\u00e0ng th\u00e1o r\u00e1p v\u00e0 gi\u1eb7t r\u1eeda, mau kh\u00f4.<\/p>\n<p>&nbsp;<\/p>\n<p>&nbsp;<\/p>\n","protected":false},"excerpt":{"rendered":"<p>K\u00edch Th\u01b0\u1edbc B\u1ed9 Th\u1ea3m : 1m2 x 1m2 x 1cm<\/p>\n<ul>\n<li>K\u00edch th\u01b0\u1edbc 1 t\u1ea5m : 60cm x 60cm x 1 cm = 0,36 m\u00e9t vu\u00f4ng<\/li>\n<li>\u00a04 T\u1ea5m = 1 Mi\u1ebfng To = 1,44 m\u00e9t vu\u00f4ng<\/li>\n<li>\u0110\u1ed9 D\u00e0y : 1cm<\/li>\n<\/ul>\n<p>Xu\u1ea5t x\u1ee9: Vi\u1ec7t Nam.<\/p>\n","protected":false},"featured_media":5133,"comment_status":"open","ping_status":"closed","template":"","meta":[],"product_cat":[137],"product_tag":[143,138,140,142,141,139],"class_list":{"0":"post-5132","1":"product","2":"type-product","3":"status-publish","4":"has-post-thumbnail","6":"product_cat-tham-xop","7":"product_tag-tham-xop-cho-be","8":"product_tag-thamxop","9":"product_tag-thamxopghep","10":"product_tag-thamxopgo","11":"product_tag-thamxophoathinh","12":"product_tag-thamxoptreem","14":"first","15":"instock","16":"sale","17":"taxable","18":"shipping-taxable","19":"purchasable","20":"product-type-simple","21":"col-xs-6 col-sm-4","22":"col-md-3 col-lg-3","23":"un-4-cols"},"_links":{"self":[{"href":"https:\/\/xopdantuong3dsaigon.com\/index.php\/wp-json\/wp\/v2\/product\/5132","targetHints":{"allow":["GET"]}}],"collection":[{"href":"https:\/\/xopdantuong3dsaigon.com\/index.php\/wp-json\/wp\/v2\/product"}],"about":[{"href":"https:\/\/xopdantuong3dsaigon.com\/index.php\/wp-json\/wp\/v2\/types\/product"}],"replies":[{"embeddable":true,"href":"https:\/\/xopdantuong3dsaigon.com\/index.php\/wp-json\/wp\/v2\/comments?post=5132"}],"wp:featuredmedia":[{"embeddable":true,"href":"https:\/\/xopdantuong3dsaigon.com\/index.php\/wp-json\/wp\/v2\/media\/5133"}],"wp:attachment":[{"href":"https:\/\/xopdantuong3dsaigon.com\/index.php\/wp-json\/wp\/v2\/media?parent=5132"}],"wp:term":[{"taxonomy":"product_cat","embeddable":true,"href":"https:\/\/xopdantuong3dsaigon.com\/index.php\/wp-json\/wp\/v2\/product_cat?post=5132"},{"taxonomy":"product_tag","embeddable":true,"href":"https:\/\/xopdantuong3dsaigon.com\/index.php\/wp-json\/wp\/v2\/product_tag?post=5132"}],"curies":[{"name":"wp","href":"https:\/\/api.w.org\/{rel}","templated":true}]}}