{"id":5106,"date":"2023-08-14T17:18:28","date_gmt":"2023-08-14T10:18:28","guid":{"rendered":"https:\/\/xopdantuong3dsaigon.com\/?post_type=product&#038;p=5106"},"modified":"2023-08-14T17:18:29","modified_gmt":"2023-08-14T10:18:29","slug":"decal-bep-hoa-tiet","status":"publish","type":"product","link":"https:\/\/xopdantuong3dsaigon.com\/index.php\/product\/decal-bep-hoa-tiet\/","title":{"rendered":"DECAL B\u1ebeP H\u1eccA TI\u1ebeT"},"content":{"rendered":"<p>Decal d\u00e1n b\u1ebfp &#8211; Gi\u1ea5y d\u00e1n t\u01b0\u1eddng hoa v\u0103n, h\u1ecda ti\u1ebft v\u00e2n \u0111\u00e1 3D<\/p>\n<p>K\u00edch Th\u01b0\u1edbc : 60cm x 200cm<\/p>\n<p>&nbsp;<\/p>\n<p>\u0110\u1eb7c \u0111i\u1ec3m n\u1ed5i b\u1eadt c\u1ee7a gi\u1ea5y decal d\u00e1n b\u1ebfp<\/p>\n<p>&#8211; S\u1eb5n keo, b\u1ea1n ch\u1ec9 c\u1ea7n l\u1ed9t ra d\u00e1n th\u00f4i<\/p>\n<p>&#8211; B\u1ec1 m\u1eb7t ph\u1ee7 1 l\u1edbp pvc ch\u1ed1ng n\u01b0\u1edbc, ch\u1ed1ng d\u1ea7u m\u1ee1<\/p>\n<p>&#8211; D\u1ec5 d\u00e0ng lau ch\u00f9i s\u1ea1ch s\u1ebd<\/p>\n<p>&#8211; Gi\u00e1 th\u00e0nh r\u1ebb<\/p>\n<p>&#8211; D\u00e1n \u0111\u01b0\u1ee3c cho t\u01b0\u1eddng, t\u1ee7 b\u1ebfp, m\u1eb7t b\u00e0n b\u1ebfp<\/p>\n<p>&nbsp;<\/p>\n<p>M\u1eb9o d\u00e1n decal d\u00e1n b\u1ebfp \u0111\u1eb9p nh\u01b0 th\u1ee3<\/p>\n<p>&#8211; D\u00e1n \u0111\u1ebfn \u0111\u00e2u m\u1edbi b\u00f3c l\u1edbp gi\u1ea5y b\u1ea3o v\u1ec7 keo \u0111\u1ebfn \u0111\u00f3<\/p>\n<p>&#8211; S\u1eed d\u1ee5ng mi\u1ebfng g\u1ea1t m\u1ecfng d\u1eb9p nh\u01b0 th\u1ebb ATM mi\u1ebft tr\u00ean b\u1ec1 m\u1eb7t v\u1eeba d\u00e1n (m\u1eb9o b\u1ea1n n\u00ean mi\u1ebft t\u1eeb t\u1eeb \u0111\u1ea7u \u0111\u1ebfn cu\u1ed1i v\u00e0 t\u1eeb gi\u1eefa sang 2 b\u00ean tr\u00e1i ph\u1ea3i)<\/p>\n<p>&#8211; Tr\u01b0\u1eddng h\u1ee3p b\u1ea1n d\u00e1n kh\u00f4ng may b\u1ecb nh\u0103n ho\u1eb7c kh\u00f4ng nh\u01b0 \u00fd th\u00ec b\u1ea1n c\u00f3 th\u1ec3 k\u00e9o gi\u1ea5y tr\u1edf l\u1ea1i v\u00e0 th\u1ef1c hi\u1ec7n l\u1ea1i nha<\/p>\n<p>&#8211; Tr\u01b0\u1eddng h\u1ee3p b\u1ecb bong b\u00f3ng kh\u00ed th\u00ec b\u1ea1n c\u00f3 th\u1ec3 d\u00f9ng kim ch\u1ecdc v\u00e0o \u0111\u1ec3 kh\u00ed ra r\u1ed3i mi\u1ebft k\u0129 l\u1ea1i l\u00e0 xong<\/p>\n<p>Shop lu\u00f4n s\u1eb5n h\u00e0ng s\u1ed1 l\u01b0\u1ee3ng l\u1edbn, \u0111\u00f3ng h\u00e0ng ngay khi x\u00e1c nh\u1eadn \u0111\u01a1n c\u0169ng nh\u01b0 ki\u1ec3m tra k\u0129 h\u00e0ng tr\u01b0\u1edbc khi g\u1eedi \u0111i. B\u1ea1n y\u00ean t\u00e2m nha<\/p>\n<p>&nbsp;<\/p>\n<p>L\u01b0u \u00fd<\/p>\n<p>&#8211; Do m\u00e0n h\u00ecnh v\u00e0 \u0111i\u1ec1u ki\u1ec7n \u00e1nh s\u00e1ng kh\u00e1c nhau, m\u00e0u s\u1eafc th\u1ef1c t\u1ebf c\u1ee7a s\u1ea3n ph\u1ea9m c\u00f3 th\u1ec3 ch\u00eanh l\u1ec7ch kho\u1ea3ng 3-5%<\/p>\n<p>&#8211; B\u00e1n h\u00e0ng kh\u00f4ng tr\u00e1nh kh\u1ecfi nh\u1eefng l\u00fac g\u1eb7p sai s\u00f3t, N\u1ebfu s\u1ea3n ph\u1ea9m g\u1eb7p v\u1ea5n \u0111\u1ec1 vui l\u00f2ng inbox \u0111\u1ec3 shop xem x\u00e9t v\u00e0 gi\u1ea3i quy\u1ebft \u0111\u1ec1n b\u00f9, \u0111\u1ed5i tr\u1ea3 th\u1ecfa \u0111\u00e1ng cho b\u1ea1n tr\u01b0\u1edbc khi b\u1ea1n \u0111\u00e1nh gi\u00e1 shop<\/p>\n","protected":false},"excerpt":{"rendered":"<ul>\n<li>K\u00edch Th\u01b0\u1edbc : 60cm x 200cm<\/li>\n<li>S\u1eb5n keo, b\u1ea1n ch\u1ec9 c\u1ea7n l\u1ed9t ra d\u00e1n th\u00f4i.<\/li>\n<li>B\u1ec1 m\u1eb7t ph\u1ee7 1 l\u1edbp pvc ch\u1ed1ng n\u01b0\u1edbc, ch\u1ed1ng d\u1ea7u m\u1ee1.<\/li>\n<li>&#8211; D\u1ec5 d\u00e0ng lau ch\u00f9i s\u1ea1ch s\u1ebd.<\/li>\n<li>&#8211; D\u00e1n \u0111\u01b0\u1ee3c cho t\u01b0\u1eddng, t\u1ee7 b\u1ebfp, m\u1eb7t b\u00e0n b\u1ebfp.<\/li>\n<\/ul>\n","protected":false},"featured_media":5107,"comment_status":"open","ping_status":"closed","template":"","meta":[],"product_cat":[131],"product_tag":[136,134,135,132,133],"class_list":{"0":"post-5106","1":"product","2":"type-product","3":"status-publish","4":"has-post-thumbnail","6":"product_cat-decal-bep","7":"product_tag-bacbep","8":"product_tag-decal-dan-bep","9":"product_tag-decal-trang-nhom","10":"product_tag-decalbep","11":"product_tag-giaydanbep","13":"first","14":"instock","15":"sale","16":"taxable","17":"shipping-taxable","18":"purchasable","19":"product-type-simple","20":"col-xs-6 col-sm-4","21":"col-md-3 col-lg-3","22":"un-4-cols"},"_links":{"self":[{"href":"https:\/\/xopdantuong3dsaigon.com\/index.php\/wp-json\/wp\/v2\/product\/5106","targetHints":{"allow":["GET"]}}],"collection":[{"href":"https:\/\/xopdantuong3dsaigon.com\/index.php\/wp-json\/wp\/v2\/product"}],"about":[{"href":"https:\/\/xopdantuong3dsaigon.com\/index.php\/wp-json\/wp\/v2\/types\/product"}],"replies":[{"embeddable":true,"href":"https:\/\/xopdantuong3dsaigon.com\/index.php\/wp-json\/wp\/v2\/comments?post=5106"}],"wp:featuredmedia":[{"embeddable":true,"href":"https:\/\/xopdantuong3dsaigon.com\/index.php\/wp-json\/wp\/v2\/media\/5107"}],"wp:attachment":[{"href":"https:\/\/xopdantuong3dsaigon.com\/index.php\/wp-json\/wp\/v2\/media?parent=5106"}],"wp:term":[{"taxonomy":"product_cat","embeddable":true,"href":"https:\/\/xopdantuong3dsaigon.com\/index.php\/wp-json\/wp\/v2\/product_cat?post=5106"},{"taxonomy":"product_tag","embeddable":true,"href":"https:\/\/xopdantuong3dsaigon.com\/index.php\/wp-json\/wp\/v2\/product_tag?post=5106"}],"curies":[{"name":"wp","href":"https:\/\/api.w.org\/{rel}","templated":true}]}}