{"id":5055,"date":"2023-08-14T11:51:52","date_gmt":"2023-08-14T04:51:52","guid":{"rendered":"https:\/\/xopdantuong3dsaigon.com\/?post_type=product&#038;p=5055"},"modified":"2023-08-14T16:02:20","modified_gmt":"2023-08-14T09:02:20","slug":"san-nhua-van-go-xam-nhat-san-keo","status":"publish","type":"product","link":"https:\/\/xopdantuong3dsaigon.com\/index.php\/product\/san-nhua-van-go-xam-nhat-san-keo\/","title":{"rendered":"S\u00c0N NH\u1ef0A V\u00c2N G\u1ed6 X\u00c1M NH\u1ea0T S\u1eb4N KEO &#8211; M\u00c3 20"},"content":{"rendered":"<div class=\"x11i5rnm xat24cr x1mh8g0r x1vvkbs xtlvy1s x126k92a\">\n<div dir=\"auto\">&#8211; K\u00edch th\u01b0\u1edbc 15 x 92cm ( 7 t\u1ea5m ~ 1 m\u00e9t vu\u00f4ng)<\/div>\n<div dir=\"auto\"><\/div>\n<div dir=\"auto\">&#8211; D\u00e0y 2mm<\/div>\n<div dir=\"auto\"><\/div>\n<\/div>\n<div class=\"x11i5rnm xat24cr x1mh8g0r x1vvkbs xtlvy1s x126k92a\">\n<div dir=\"auto\">&#8211; S\u1eb5n Keo m\u1eb7t sau, l\u1ed9t ra l\u00e0 d\u00e1n<\/div>\n<div dir=\"auto\"><\/div>\n<\/div>\n<div class=\"x11i5rnm xat24cr x1mh8g0r x1vvkbs xtlvy1s x126k92a\">\n<div dir=\"auto\">&#8211; B\u1ec1 m\u1eb7t ch\u1ed1ng tr\u01a1n tr\u01b0\u1ee3t<\/div>\n<div dir=\"auto\"><\/div>\n<\/div>\n<div class=\"x11i5rnm xat24cr x1mh8g0r x1vvkbs xtlvy1s x126k92a\">\n<div dir=\"auto\">&#8211; Lau ch\u00f9i n\u01b0\u1edbc tho\u1ea3i m\u00e1i<\/div>\n<div dir=\"auto\"><\/div>\n<\/div>\n<div class=\"x11i5rnm xat24cr x1mh8g0r x1vvkbs xtlvy1s x126k92a\">\n<div dir=\"auto\">H\u00c0NG S\u1eb4N GIAO NGAY<\/div>\n<div dir=\"auto\"><\/div>\n<\/div>\n<div class=\"x11i5rnm xat24cr x1mh8g0r x1vvkbs xtlvy1s x126k92a\">\n<div dir=\"auto\"><span class=\"x3nfvp2 x1j61x8r x1fcty0u xdj266r xhhsvwb xat24cr xgzva0m xxymvpz xlup9mm x1kky2od\"><img decoding=\"async\" src=\"https:\/\/static.xx.fbcdn.net\/images\/emoji.php\/v9\/t72\/1.5\/16\/1f3b0.png\" alt=\"\ud83c\udfb0\" width=\"16\" height=\"16\" \/><\/span><span class=\"x3nfvp2 x1j61x8r x1fcty0u xdj266r xhhsvwb xat24cr xgzva0m xxymvpz xlup9mm x1kky2od\"><img decoding=\"async\" src=\"https:\/\/static.xx.fbcdn.net\/images\/emoji.php\/v9\/te7\/1.5\/16\/1f941.png\" alt=\"\ud83e\udd41\" width=\"16\" height=\"16\" \/><\/span>Nh\u1eadn thi c\u00f4ng n\u1ed9i th\u00e0nh S\u00e0i G\u00f2n gi\u00e1 \u01b0u \u0111\u00e3i h\u1ea5p d\u1eabn.<\/div>\n<div dir=\"auto\"><\/div>\n<\/div>\n<div class=\"x11i5rnm xat24cr x1mh8g0r x1vvkbs xtlvy1s x126k92a\">\n<div dir=\"auto\"><span class=\"x3nfvp2 x1j61x8r x1fcty0u xdj266r xhhsvwb xat24cr xgzva0m xxymvpz xlup9mm x1kky2od\"><img decoding=\"async\" src=\"https:\/\/static.xx.fbcdn.net\/images\/emoji.php\/v9\/t44\/1.5\/16\/26d4.png\" alt=\"\u26d4\" width=\"16\" height=\"16\" \/><\/span><span class=\"x3nfvp2 x1j61x8r x1fcty0u xdj266r xhhsvwb xat24cr xgzva0m xxymvpz xlup9mm x1kky2od\"><img decoding=\"async\" src=\"https:\/\/static.xx.fbcdn.net\/images\/emoji.php\/v9\/t44\/1.5\/16\/26d4.png\" alt=\"\u26d4\" width=\"16\" height=\"16\" \/><\/span>\u0110\u1eb6C BI\u1ec6T: kh\u00e1ch l\u1ebb mua nhi\u1ec1u \u0111c t\u00ednh gi\u00e1 s\u1ec9. Mua c\u1ea3 bao gi\u00e1 r\u1ebb nh\u01b0 cho.<\/div>\n<div dir=\"auto\"><\/div>\n<\/div>\n<div class=\"x11i5rnm xat24cr x1mh8g0r x1vvkbs xtlvy1s x126k92a\">\n<div dir=\"auto\">Cam k\u1ebft kh\u00f4ng \u0111\u00e2u r\u1ebb h\u01a1n, ch\u1ea5t l\u01b0\u1ee3ng tuy\u1ec7t \u0111\u1ed1i.<\/div>\n<div dir=\"auto\"><\/div>\n<\/div>\n<div class=\"x11i5rnm xat24cr x1mh8g0r x1vvkbs xtlvy1s x126k92a\">\n<div dir=\"auto\">H\u00c0NG S\u1eb4N GIAO NGAY, SHIP COD TO\u00c0N QU\u1ed0C.<\/div>\n<\/div>\n","protected":false},"excerpt":{"rendered":"<div class=\"x11i5rnm xat24cr x1mh8g0r x1vvkbs xtlvy1s x126k92a\">\n<div dir=\"auto\">&#8211; K\u00edch th\u01b0\u1edbc 15 x 92cm ( 7 t\u1ea5m ~ 1 m\u00e9t vu\u00f4ng)<\/div>\n<div dir=\"auto\"><\/div>\n<div dir=\"auto\">&#8211; D\u00e0y 2mm<\/div>\n<div dir=\"auto\"><\/div>\n<\/div>\n<div class=\"x11i5rnm xat24cr x1mh8g0r x1vvkbs xtlvy1s x126k92a\">\n<div dir=\"auto\">&#8211; S\u1eb5n Keo m\u1eb7t sau, l\u1ed9t ra l\u00e0 d\u00e1n<\/div>\n<\/div>\n","protected":false},"featured_media":5044,"comment_status":"open","ping_status":"closed","template":"","meta":[],"product_cat":[125],"product_tag":[130,126,128,127,129],"class_list":{"0":"post-5055","1":"product","2":"type-product","3":"status-publish","4":"has-post-thumbnail","6":"product_cat-san-nhua","7":"product_tag-sancokeo","8":"product_tag-sannhua","9":"product_tag-sannhuasankeo","10":"product_tag-sannhuavango","11":"product_tag-tamdansan","13":"first","14":"instock","15":"sale","16":"taxable","17":"shipping-taxable","18":"purchasable","19":"product-type-simple","20":"col-xs-6 col-sm-4","21":"col-md-3 col-lg-3","22":"un-4-cols"},"_links":{"self":[{"href":"https:\/\/xopdantuong3dsaigon.com\/index.php\/wp-json\/wp\/v2\/product\/5055","targetHints":{"allow":["GET"]}}],"collection":[{"href":"https:\/\/xopdantuong3dsaigon.com\/index.php\/wp-json\/wp\/v2\/product"}],"about":[{"href":"https:\/\/xopdantuong3dsaigon.com\/index.php\/wp-json\/wp\/v2\/types\/product"}],"replies":[{"embeddable":true,"href":"https:\/\/xopdantuong3dsaigon.com\/index.php\/wp-json\/wp\/v2\/comments?post=5055"}],"wp:featuredmedia":[{"embeddable":true,"href":"https:\/\/xopdantuong3dsaigon.com\/index.php\/wp-json\/wp\/v2\/media\/5044"}],"wp:attachment":[{"href":"https:\/\/xopdantuong3dsaigon.com\/index.php\/wp-json\/wp\/v2\/media?parent=5055"}],"wp:term":[{"taxonomy":"product_cat","embeddable":true,"href":"https:\/\/xopdantuong3dsaigon.com\/index.php\/wp-json\/wp\/v2\/product_cat?post=5055"},{"taxonomy":"product_tag","embeddable":true,"href":"https:\/\/xopdantuong3dsaigon.com\/index.php\/wp-json\/wp\/v2\/product_tag?post=5055"}],"curies":[{"name":"wp","href":"https:\/\/api.w.org\/{rel}","templated":true}]}}