{"id":4936,"date":"2023-08-12T15:19:28","date_gmt":"2023-08-12T15:19:28","guid":{"rendered":"https:\/\/xopdantuong3dsaigon.com\/?post_type=product&#038;p=4936"},"modified":"2024-04-02T10:00:53","modified_gmt":"2024-04-02T03:00:53","slug":"xop-da-p8-xam","status":"publish","type":"product","link":"https:\/\/xopdantuong3dsaigon.com\/index.php\/product\/xop-da-p8-xam\/","title":{"rendered":"X\u1ed0P DA P8 X\u00c1M"},"content":{"rendered":"<p>K\u00edch th\u01b0\u1edbc: r\u1ed9ng 70cm x d\u00e0i 70cm = 0.49m2 (1m2=2t\u1ea5m)<\/p>\n<p>\u0110\u1ed9 d\u00e0y: 5mm<\/p>\n<p>\u0110\u1ed9 b\u1ec1n: 5-10 n\u0103m<\/p>\n<p>X\u1ed1p d\u00e1n t\u01b0\u1eddng gi\u1ea3 da l\u00e0 d\u00f2ng s\u1ea3n ph\u1ea9m c\u1ea3i ti\u1ebfn m\u1edbi cho ra nhi\u1ec1u m\u1eabu m\u00e3 \u0111\u1eb9p , gi\u00e1 th\u00e0nh \u0111\u1eaft h\u01a1n t\u1ea5t c\u1ea3 s\u1ea3n ph\u1ea9m x\u1ed1p d\u00e1n nh\u01b0ng l\u1ee3i \u00edch , v\u1ebb \u0111\u1eb9p sang tr\u1ecdng  ng\u00e0y c\u00e0ng \u0111\u01b0\u1ee3c nhi\u1ec1u kh\u00e1ch h\u00e0ng \u0111\u00f3n nh\u1eadn , tuy m\u1edbi ra m\u1eaft nh\u01b0ng kh\u00e1 nhi\u1ec1u kh\u00e1ch h\u00e0ng l\u1ef1a ch\u1ecdn. S\u1ea3n ph\u1ea9m ph\u00f9 h\u1ee3p s\u1eed d\u1ee5ng cho c\u00e1c kh\u00f4ng gian nh\u00e0 \u1edf, chung c\u01b0 \u0111\u01b0\u1ee3c thi\u1ebft k\u1ebf theo phong c\u00e1ch ch\u00e2u \u00e2u, c\u00e1c qu\u00e1n karaoke, nh\u00e0 h\u00e0ng, thu \u00e2m , ph\u00f2ng h\u00e1t , s\u1eed d\u1ee5ng trong bi\u1ec7t th\u1ef1 , c\u0103n h\u1ed9\u2026.<\/p>\n<p>    X\u1ed1p d\u00e1n t\u01b0\u1eddng 3D gi\u1ea3 da thu\u1ed9c d\u00f2ng s\u1ea3n ph\u1ea9m x\u1ed1p cao c\u1ea5p h\u01a1n. . Ngo\u00e0i ra s\u1ea3n ph\u1ea9m \u0111\u01b0\u1ee3c thi\u1ebft k\u1ebf v\u1edbi nhi\u1ec1u t\u00ednh n\u0103ng v\u01b0\u1ee3t tr\u1ed9i c\u00f9ng c\u00e1c nguy\u00ean li\u1ec7u m\u1ec1m cao c\u1ea5p. V\u00ec v\u1eady kh\u00f4ng ch\u1ec9 \u0111em \u0111\u1ebfn kh\u00f4ng gian sang tr\u1ecdng, \u0111\u1eb3ng c\u1ea5p m\u00e0 s\u1ea3n ph\u1ea9m c\u00f2n c\u00f3 kh\u1ea3 n\u0103ng c\u00e1ch \u00e2m, c\u00e1ch nhi\u1ec7t, ch\u1ed1ng va \u0111\u1eadp, ch\u1ed1ng \u1ea9m m\u1ed1c, ch\u1ed1ng n\u01b0\u1edbc\u2026 c\u1ef1c t\u1ed1     <\/p>\n<p>\u1ee8ng d\u1ee5ng ti\u00eau bi\u1ec3u c\u1ee7a x\u1ed1p d\u00e1n t\u01b0\u1eddng 3d gi\u1ea3 da:<\/p>\n<p>-X\u1ed1p d\u00e1n t\u01b0\u1eddng ch\u1ed1ng n\u00f3ng,c\u00e1ch nhi\u1ec7t t\u01b0\u1eddng nh\u00e0 r\u1ea5t hi\u1ec7u qu\u1ea3.<br \/>\n-Trang tr\u00ed \u1ed1p t\u01b0\u1eddng c\u00e1c tr\u01b0\u1eddng h\u1ecdc m\u1eabu gi\u00e1o, l\u1edbp h\u1ecdc, gi\u1ea3ng \u0111\u01b0\u1eddng \u2026 n\u01a1i c\u00f3 nhi\u1ec1u ti\u1ebfng \u1ed3n.<br \/>\n-V\u0103n ph\u00f2ng l\u00e0m vi\u1ec7c, c\u00f4ng s\u1edf, ph\u00f2ng h\u1ecdp \u2026<br \/>\n-Ph\u00f2ng kh\u00e1ch gia \u0111\u00ecnh, ph\u00f2ng nghe nh\u1ea1c \u2026<br \/>\n-C\u00e1c ph\u00f2ng karaoke, h\u1ed9i tr\u01b0\u1eddng, thu \u00e2m, r\u1ea1p h\u00e1t, ph\u00f2ng chi\u1ebfu phim \u2026<br \/>\n-Nh\u00e0 h\u00e0ng, trung t\u00e2m ti\u1ec7c c\u01b0\u1edbi \u2026<br \/>\n-Trang tr\u00ed c\u00e1c c\u1eeda h\u00e0ng showroom \u2026<br \/>\n-T\u1ea1o n\u1ec1n l\u00e0m backdrop \u2026<br \/>\n-V\u00e0 nhi\u1ec1u \u1ee9ng d\u1ee5ng trang tr\u00ed kh\u00e1c \u2026<\/p>\n","protected":false},"excerpt":{"rendered":"<p>K\u00edch th\u01b0\u1edbc: r\u1ed9ng 70cm x d\u00e0i 70cm = 0.49m2 (1m2=2t\u1ea5m)<\/p>\n<p>\u0110\u1ed9 d\u00e0y: 5mm<\/p>\n<p>\u0110\u1ed9 b\u1ec1n: 5-10 n\u0103m<\/p>\n","protected":false},"featured_media":4937,"comment_status":"open","ping_status":"closed","template":"","meta":[],"product_cat":[124],"product_tag":[],"class_list":{"0":"post-4936","1":"product","2":"type-product","3":"status-publish","4":"has-post-thumbnail","6":"product_cat-xop-gia-da-p8","8":"first","9":"instock","10":"sale","11":"taxable","12":"shipping-taxable","13":"purchasable","14":"product-type-simple","15":"col-xs-6 col-sm-4","16":"col-md-3 col-lg-3","17":"un-4-cols"},"_links":{"self":[{"href":"https:\/\/xopdantuong3dsaigon.com\/index.php\/wp-json\/wp\/v2\/product\/4936","targetHints":{"allow":["GET"]}}],"collection":[{"href":"https:\/\/xopdantuong3dsaigon.com\/index.php\/wp-json\/wp\/v2\/product"}],"about":[{"href":"https:\/\/xopdantuong3dsaigon.com\/index.php\/wp-json\/wp\/v2\/types\/product"}],"replies":[{"embeddable":true,"href":"https:\/\/xopdantuong3dsaigon.com\/index.php\/wp-json\/wp\/v2\/comments?post=4936"}],"wp:featuredmedia":[{"embeddable":true,"href":"https:\/\/xopdantuong3dsaigon.com\/index.php\/wp-json\/wp\/v2\/media\/4937"}],"wp:attachment":[{"href":"https:\/\/xopdantuong3dsaigon.com\/index.php\/wp-json\/wp\/v2\/media?parent=4936"}],"wp:term":[{"taxonomy":"product_cat","embeddable":true,"href":"https:\/\/xopdantuong3dsaigon.com\/index.php\/wp-json\/wp\/v2\/product_cat?post=4936"},{"taxonomy":"product_tag","embeddable":true,"href":"https:\/\/xopdantuong3dsaigon.com\/index.php\/wp-json\/wp\/v2\/product_tag?post=4936"}],"curies":[{"name":"wp","href":"https:\/\/api.w.org\/{rel}","templated":true}]}}