{"id":4912,"date":"2023-08-12T14:58:30","date_gmt":"2023-08-12T14:58:30","guid":{"rendered":"https:\/\/xopdantuong3dsaigon.com\/?post_type=product&#038;p=4912"},"modified":"2024-04-02T10:01:31","modified_gmt":"2024-04-02T03:01:31","slug":"xop-van-song-xoan","status":"publish","type":"product","link":"https:\/\/xopdantuong3dsaigon.com\/index.php\/product\/xop-van-song-xoan\/","title":{"rendered":"X\u1ed0P V\u00c2N S\u00d3NG XO\u1eaeN"},"content":{"rendered":"<p> X\u1ed1p 3D \u1ed1p t\u01b0\u1eddng gi\u1ea3 v\u00e2n s\u00f3ng l\u00e0 m\u1eabu s\u1ea3n ph\u1ea9m mang \u0111\u1ebfn v\u1ebb \u0111\u1eb9p l\u00f4i cu\u1ed1n v\u00e0 quy\u1ebfn r\u0169 nh\u1ea5t cho kh\u00f4ng gian nh\u00e0 b\u1ea1n. S\u1ea3n ph\u1ea9m c\u00f3 nhi\u1ec1u m\u00e0u s\u1eafc c\u00f9ng h\u1ecda ti\u1ebft v\u00e2n s\u00f3ng m\u1ec1m m\u1ea1i, uy\u1ec3n chuy\u1ec3n v\u00f4 c\u00f9ng tuy\u1ec7t v\u1eddi. L\u00e0 m\u1eabu x\u1ed1p c\u00f3 h\u1ecda ti\u1ebft \u0111\u1eb9p , b\u1eaft m\u1eaft , tr\u00f4ng sang tr\u1ecdng b\u1eadc nh\u1ea5t . th\u01b0\u1eddng d\u00f9ng thi c\u00f4ng qu\u00e1n cafe , th\u1ea9m m\u1ef9 vi\u1ec7n , spa , shop th\u1eddi trang , nh\u00e0 \u1edf , ph\u00f2ng kh\u00e1ch .<\/p>\n<p>K\u00edch th\u01b0\u1edbc: r\u1ed9ng 70cm x d\u00e0i 70cm = 0.49m2 (1m2 = 2 t\u1ea5m)<\/p>\n<p>\u0110\u1ed9 d\u00e0y: 4mm<\/p>\n<p>\u0110\u1ed9 b\u1ec1n: 5-10 n\u0103m<\/p>\n<p>     C\u00e1c v\u00e2n s\u00f3ng c\u0169ng \u0111\u01b0\u1ee3c thi\u1ebft k\u1ebf v\u1edbi nh\u1eefng \u0111\u01b0\u1eddng n\u00e9t u\u1ed1n l\u01b0\u1ee3n t\u1ef1 nhi\u00ean, c\u00f3 t\u00ednh th\u1ea9m m\u1ef9 cao gi\u00fap t\u1ea1o n\u00ean \u0111\u01b0\u1ee3c s\u1ef1 th\u1ed1ng nh\u1ea5t, h\u00e0i h\u00f2a cho kh\u00f4ng gian s\u1ed1ng. Ch\u00ednh nh\u1eefng \u0111\u01b0\u1eddng s\u00f3ng m\u1ec1m m\u1ea1i nh\u01b0 \u0111ang bay m\u00faa n\u00e0y s\u1ebd l\u00e0 \u0111i\u1ec3m nh\u1ea5n cho ng\u00f4i nh\u00e0, gi\u00fap b\u1ea1n c\u1ea3m th\u1ea5y tho\u1ea3i m\u00e1i, nh\u1eb9 nh\u00e0ng h\u01a1n m\u1ed7i khi v\u1ec1 t\u1edbi c\u0103n ph\u00f2ng c\u1ee7a m\u00ecnh sau m\u1ed9t ng\u00e0y d\u00e0i l\u00e0m vi\u1ec7c v\u1ea5t v\u1ea3.<\/p>\n","protected":false},"excerpt":{"rendered":"<p>K\u00edch th\u01b0\u1edbc: r\u1ed9ng 70cm x d\u00e0i 70cm = 0.49m2 (1m2 = 2 t\u1ea5m)<\/p>\n<p>\u0110\u1ed9 d\u00e0y: 4mm<\/p>\n<p>\u0110\u1ed9 b\u1ec1n: 5-10 n\u0103m<\/p>\n","protected":false},"featured_media":4913,"comment_status":"open","ping_status":"closed","template":"","meta":[],"product_cat":[90],"product_tag":[99,111,96,103,110],"class_list":{"0":"post-4912","1":"product","2":"type-product","3":"status-publish","4":"has-post-thumbnail","6":"product_cat-hoa-van","7":"product_tag-giaydantuong","8":"product_tag-xopcodien","9":"product_tag-xopdantuong","10":"product_tag-xopgiare","11":"product_tag-xophoavan","13":"first","14":"instock","15":"sale","16":"taxable","17":"shipping-taxable","18":"purchasable","19":"product-type-simple","20":"col-xs-6 col-sm-4","21":"col-md-3 col-lg-3","22":"un-4-cols"},"_links":{"self":[{"href":"https:\/\/xopdantuong3dsaigon.com\/index.php\/wp-json\/wp\/v2\/product\/4912","targetHints":{"allow":["GET"]}}],"collection":[{"href":"https:\/\/xopdantuong3dsaigon.com\/index.php\/wp-json\/wp\/v2\/product"}],"about":[{"href":"https:\/\/xopdantuong3dsaigon.com\/index.php\/wp-json\/wp\/v2\/types\/product"}],"replies":[{"embeddable":true,"href":"https:\/\/xopdantuong3dsaigon.com\/index.php\/wp-json\/wp\/v2\/comments?post=4912"}],"wp:featuredmedia":[{"embeddable":true,"href":"https:\/\/xopdantuong3dsaigon.com\/index.php\/wp-json\/wp\/v2\/media\/4913"}],"wp:attachment":[{"href":"https:\/\/xopdantuong3dsaigon.com\/index.php\/wp-json\/wp\/v2\/media?parent=4912"}],"wp:term":[{"taxonomy":"product_cat","embeddable":true,"href":"https:\/\/xopdantuong3dsaigon.com\/index.php\/wp-json\/wp\/v2\/product_cat?post=4912"},{"taxonomy":"product_tag","embeddable":true,"href":"https:\/\/xopdantuong3dsaigon.com\/index.php\/wp-json\/wp\/v2\/product_tag?post=4912"}],"curies":[{"name":"wp","href":"https:\/\/api.w.org\/{rel}","templated":true}]}}