{"id":4889,"date":"2023-08-12T14:32:33","date_gmt":"2023-08-12T14:32:33","guid":{"rendered":"https:\/\/xopdantuong3dsaigon.com\/?post_type=product&#038;p=4889"},"modified":"2023-08-12T14:40:00","modified_gmt":"2023-08-12T14:40:00","slug":"keo-phun-dan-chuyen-dung-pj-77","status":"publish","type":"product","link":"https:\/\/xopdantuong3dsaigon.com\/index.php\/product\/keo-phun-dan-chuyen-dung-pj-77\/","title":{"rendered":"KEO PHUN D\u00c1N CHUY\u00caN D\u1ee4NG PJ-77"},"content":{"rendered":"<p>Dung t\u00edch : 600g<\/p>\n<p>M\u00e0u s\u1eafc : Tr\u1eafng<\/p>\n<p>Ch\u1ecbu nhi\u1ec7t: + 65c<\/p>\n<p>&#8211; Keo h\u1ed7 tr\u1ee3 d\u00e1n x\u1ed1p, s\u00e0n nh\u1ef1a, gi\u1ea5y decal,<\/p>\n<p>&#8211; D\u1ea1ng phun d\u1ec5 d\u00e0ng s\u1eed d\u1ee5ng<\/p>\n<p>&#8211; T\u01b0\u1eddng \u1ea9m, m\u1ed1c s\u1eed d\u1ee5ng th\u00eam keo \u0111i vi\u1ec1n \u0111\u1ec3 b\u1ec1n v\u00e0 ch\u1eafc h\u01a1n<\/p>\n<p>Dung t\u00edch : 600g<\/p>\n<p>M\u00e0u s\u1eafc : Tr\u1eafng<\/p>\n<p>Ch\u1ecbu nhi\u1ec7t: + 65c<\/p>\n<p>&#8211; Keo h\u1ed7 tr\u1ee3 d\u00e1n x\u1ed1p, s\u00e0n nh\u1ef1a, gi\u1ea5y decal,<\/p>\n<p>&#8211; D\u1ea1ng phun d\u1ec5 d\u00e0ng s\u1eed d\u1ee5ng<\/p>\n<p>&#8211; T\u01b0\u1eddng \u1ea9m, m\u1ed1c s\u1eed d\u1ee5ng th\u00eam keo \u0111i vi\u1ec1n \u0111\u1ec3 b\u1ec1n v\u00e0 ch\u1eafc h\u01a1n<\/p>\n<p>*** T\u00ednh n\u0103ng :<\/p>\n<p>+ L\u00e0 lo\u1ea1i keo \u0111a n\u0103ng, \u1ee9ng d\u1ee5ng ph\u1ed5 bi\u1ebfn b\u1edfi keo b\u00e1m d\u00ednh cao, \u0111\u1ed9 ph\u1ee7 \u0111\u1ec1u, d\u1ec5 s\u1eed d\u1ee5ng v\u00e0 kh\u00f4 r\u1ea5t nhanh<\/p>\n<p>+ \u0110\u1ed9 ph\u1ee7 keo r\u1ea5t \u0111\u1ec1u v\u00e0 b\u00e1m d\u00ednh t\u1ed1t<\/p>\n<p>+ Kh\u00f4 trong v\u00f2ng 15 \u2013 30 gi\u00e2y<\/p>\n<p>+ Kh\u00f4ng ng\u1ea5m v\u00e0o v\u1ea3i l\u00e0m c\u1ee9ng, b\u1ea9n t\u01b0\u1eddng, v\u1ea3i, x\u1ed1p,<\/p>\n<p>+ Kh\u00f4ng g\u00e2y bi\u1ebfn m\u00e0u v\u1eadt li\u1ec7u \u0111\u01b0\u1ee3c x\u1ecbt l\u00ean<\/p>\n<p>\u0110\u1eb6C BI\u1ec6T: kh\u00e1ch l\u1ebb mua nhi\u1ec1u \u0111c t\u00ednh gi\u00e1 s\u1ec9. Mua c\u1ea3 bao gi\u00e1 r\u1ebb nh\u01b0 cho.<\/p>\n<p>Cam k\u1ebft kh\u00f4ng \u0111\u00e2u r\u1ebb h\u01a1n, ch\u1ea5t l\u01b0\u1ee3ng tuy\u1ec7t \u0111\u1ed1i<\/p>\n","protected":false},"excerpt":{"rendered":"<p>&#8211; Keo h\u1ed7 tr\u1ee3 d\u00e1n x\u1ed1p, s\u00e0n nh\u1ef1a, gi\u1ea5y decal,<\/p>\n<p>&#8211; D\u1ea1ng phun d\u1ec5 d\u00e0ng s\u1eed d\u1ee5ng<\/p>\n<p>&#8211; T\u01b0\u1eddng \u1ea9m, m\u1ed1c s\u1eed d\u1ee5ng th\u00eam keo \u0111i vi\u1ec1n \u0111\u1ec3 b\u1ec1n v\u00e0 ch\u1eafc h\u01a1n<\/p>\n<p>Dung t\u00edch : 600g<\/p>\n<p>M\u00e0u s\u1eafc : Tr\u1eafng<\/p>\n<p>Ch\u1ecbu nhi\u1ec7t: + 65c<\/p>\n","protected":false},"featured_media":4892,"comment_status":"open","ping_status":"closed","template":"","meta":[],"product_cat":[115],"product_tag":[119,117,116,118,120],"class_list":{"0":"post-4889","1":"product","2":"type-product","3":"status-publish","4":"has-post-thumbnail","6":"product_cat-keo-chuyen-dung","7":"product_tag-keo-pj77","8":"product_tag-keochuyendung","9":"product_tag-keodanxop","10":"product_tag-keosua","11":"product_tag-pj77","13":"first","14":"instock","15":"sale","16":"taxable","17":"shipping-taxable","18":"purchasable","19":"product-type-simple","20":"col-xs-6 col-sm-4","21":"col-md-3 col-lg-3","22":"un-4-cols"},"_links":{"self":[{"href":"https:\/\/xopdantuong3dsaigon.com\/index.php\/wp-json\/wp\/v2\/product\/4889","targetHints":{"allow":["GET"]}}],"collection":[{"href":"https:\/\/xopdantuong3dsaigon.com\/index.php\/wp-json\/wp\/v2\/product"}],"about":[{"href":"https:\/\/xopdantuong3dsaigon.com\/index.php\/wp-json\/wp\/v2\/types\/product"}],"replies":[{"embeddable":true,"href":"https:\/\/xopdantuong3dsaigon.com\/index.php\/wp-json\/wp\/v2\/comments?post=4889"}],"wp:featuredmedia":[{"embeddable":true,"href":"https:\/\/xopdantuong3dsaigon.com\/index.php\/wp-json\/wp\/v2\/media\/4892"}],"wp:attachment":[{"href":"https:\/\/xopdantuong3dsaigon.com\/index.php\/wp-json\/wp\/v2\/media?parent=4889"}],"wp:term":[{"taxonomy":"product_cat","embeddable":true,"href":"https:\/\/xopdantuong3dsaigon.com\/index.php\/wp-json\/wp\/v2\/product_cat?post=4889"},{"taxonomy":"product_tag","embeddable":true,"href":"https:\/\/xopdantuong3dsaigon.com\/index.php\/wp-json\/wp\/v2\/product_tag?post=4889"}],"curies":[{"name":"wp","href":"https:\/\/api.w.org\/{rel}","templated":true}]}}