{"id":4823,"date":"2023-08-12T13:20:54","date_gmt":"2023-08-12T13:20:54","guid":{"rendered":"https:\/\/xopdantuong3dsaigon.com\/?post_type=product&#038;p=4823"},"modified":"2024-04-02T10:03:16","modified_gmt":"2024-04-02T03:03:16","slug":"xop-kim-tuyen-xop-dinh-tem","status":"publish","type":"product","link":"https:\/\/xopdantuong3dsaigon.com\/index.php\/product\/xop-kim-tuyen-xop-dinh-tem\/","title":{"rendered":"X\u1ed0P KIM TUY\u1ebeN, X\u1ed0P \u0110\u00cdNH TEM"},"content":{"rendered":"<p>    M\u1eabu x\u1ed1p gi\u1ea3 da kim tuy\u1ebfn hi\u1ec7n nay \u0111\u01b0\u1ee3c r\u1ea5t nhi\u1ec1u ng\u01b0\u1eddi l\u1ef1a ch\u1ecdn v\u00ec ch\u00fang kh\u00f4ng ch\u1ec9 \u0111\u1eb9p m\u00e0 c\u00f2n r\u1ea5t n\u1ed5i b\u1eadt, thu h\u00fat ng\u01b0\u1eddi nh\u00ecn, ph\u00f9 h\u1ee3p v\u1edbi m\u1ecdi kh\u00f4ng gian t\u1eeb ph\u00f2ng ng\u1ee7, nh\u00e0 b\u1ebfp hay ph\u00f2ng kh\u00e1ch. \u0110\u1eb7c bi\u1ec7t, t\u1ea1i c\u00e1c kh\u00f4ng gian v\u0103n ph\u00f2ng, ho\u1eb7c showroom b\u00e1n h\u00e0ng, nh\u1eefng t\u1ea5m x\u1ed1p gi\u1ea3 da t\u1ea1o ra kh\u00f4ng gian kh\u00e1c l\u1ea1, \u0111\u1ed9c \u0111\u00e1o kh\u00e1c bi\u1ec7t h\u1eb3n so v\u1edbi nh\u1eefng b\u1ee9c t\u01b0\u1eddng s\u01a1n th\u00f4ng th\u01b0\u1eddng.<\/p>\n<p>K\u00edch th\u01b0\u1edbc: r\u1ed9ng 70cm x d\u00e0i 70cm = 0.49m2 (1m2 =2 t\u1ea5m)<\/p>\n<p>\u0110\u1ed9 d\u00e0y: 3mm<\/p>\n<p>\u0110\u1ed9 b\u1ec1n: 5-10 n\u0103m<\/p>\n<p>  C\u01a1n s\u1ed1t x\u1ed1p d\u00e1n t\u01b0\u1eddng 3d gi\u1ea3 da kim tuy\u1ebfn \u0111ang l\u00e0m cho gi\u1edbi chuy\u00ean gia thi\u1ebft k\u1ebf v\u00e0 ki\u1ebfn tr\u00fac s\u01b0 ph\u1ea3i \u0111i t\u1eeb ng\u1ea1c nhi\u00ean n\u00e0y \u0111\u1ebfn \u1ea5n t\u01b0\u1ee3ng kh\u00e1c. Nh\u1eefng hi\u1ec7u qu\u1ea3 trang tr\u00ed v\u00f4 c\u00f9ng kh\u00e1c bi\u1ec7t v\u00e0 m\u1edbi l\u1ea1. X\u1ed1p d\u00e1n t\u01b0\u1eddng gi\u1ea3 da gi\u00fap cho kh\u00f4ng gian ph\u00f2ng ng\u1ee7, ph\u00f2ng kh\u00e1ch, v\u0103n ph\u00f2ng l\u00e0m vi\u1ec7c \u0111\u1ec1u thay \u0111\u1ed5i ho\u00e0n to\u00e0n, c\u00e1c qu\u00e1n cafe, qu\u00e1n karaoke li\u00ean t\u1ee5c thay \u0111\u1ed5i t\u1ea1o s\u1ee9c h\u1ea5p d\u1eabn, h\u1ee9ng th\u00fa cho kh\u00e1ch h\u00e0ng.<\/p>\n<p>      M\u1eabu x\u1ed1p gi\u1ea3 da kim tuy\u1ebfn hi\u1ec7n nay \u0111\u01b0\u1ee3c r\u1ea5t nhi\u1ec1u ng\u01b0\u1eddi l\u1ef1a ch\u1ecdn v\u00ec ch\u00fang kh\u00f4ng ch\u1ec9 \u0111\u1eb9p m\u00e0 c\u00f2n r\u1ea5t n\u1ed5i b\u1eadt, thu h\u00fat ng\u01b0\u1eddi nh\u00ecn, ph\u00f9 h\u1ee3p v\u1edbi m\u1ecdi kh\u00f4ng gian t\u1eeb ph\u00f2ng ng\u1ee7, nh\u00e0 b\u1ebfp hay ph\u00f2ng kh\u00e1ch. \u0110\u1eb7c bi\u1ec7t, t\u1ea1i c\u00e1c kh\u00f4ng gian v\u0103n ph\u00f2ng, ho\u1eb7c showroom b\u00e1n h\u00e0ng, nh\u1eefng t\u1ea5m x\u1ed1p gi\u1ea3 da t\u1ea1o ra kh\u00f4ng gian kh\u00e1c l\u1ea1, \u0111\u1ed9c \u0111\u00e1o kh\u00e1c bi\u1ec7t h\u1eb3n so v\u1edbi nh\u1eefng b\u1ee9c t\u01b0\u1eddng s\u01a1n th\u00f4ng th\u01b0\u1eddng.<\/p>\n<p>K\u00edch th\u01b0\u1edbc: r\u1ed9ng 70cm x d\u00e0i 70cm = 0.49m2 (1m2 =2 t\u1ea5m)<\/p>\n<p>\u0110\u1ed9 d\u00e0y: 4mm<\/p>\n<p>\u0110\u1ed9 b\u1ec1n: 5-10 n\u0103m<\/p>\n<p>  C\u01a1n s\u1ed1t x\u1ed1p d\u00e1n t\u01b0\u1eddng 3d gi\u1ea3 da kim tuy\u1ebfn \u0111ang l\u00e0m cho gi\u1edbi chuy\u00ean gia thi\u1ebft k\u1ebf v\u00e0 ki\u1ebfn tr\u00fac s\u01b0 ph\u1ea3i \u0111i t\u1eeb ng\u1ea1c nhi\u00ean n\u00e0y \u0111\u1ebfn \u1ea5n t\u01b0\u1ee3ng kh\u00e1c. Nh\u1eefng hi\u1ec7u qu\u1ea3 trang tr\u00ed v\u00f4 c\u00f9ng kh\u00e1c bi\u1ec7t v\u00e0 m\u1edbi l\u1ea1. X\u1ed1p d\u00e1n t\u01b0\u1eddng gi\u1ea3 da gi\u00fap cho kh\u00f4ng gian ph\u00f2ng ng\u1ee7, ph\u00f2ng kh\u00e1ch, v\u0103n ph\u00f2ng l\u00e0m vi\u1ec7c \u0111\u1ec1u thay \u0111\u1ed5i ho\u00e0n to\u00e0n, c\u00e1c qu\u00e1n cafe, qu\u00e1n karaoke li\u00ean t\u1ee5c thay \u0111\u1ed5i t\u1ea1o s\u1ee9c h\u1ea5p d\u1eabn, h\u1ee9ng th\u00fa cho kh\u00e1ch h\u00e0ng.<\/p>\n<p>   X\u1ed1p d\u00e1n t\u01b0\u1eddng gi\u1ea3 da kim tuy\u1ebfn \u00e0 d\u00f2ng s\u1ea3n ph\u1ea9m c\u1ea3i ti\u1ebfn m\u1edbi cho ra nhi\u1ec1u m\u1eabu m\u00e3 \u0111\u1eb9p , gi\u00e1 th\u00e0nh \u0111\u1eaft h\u01a1n t\u1ea5t c\u1ea3 s\u1ea3n ph\u1ea9m x\u1ed1p d\u00e1n nh\u01b0ng l\u1ee3i \u00edch , v\u1ebb \u0111\u1eb9p sang tr\u1ecdng ng\u00e0y c\u00e0ng \u0111\u01b0\u1ee3c nhi\u1ec1u kh\u00e1ch h\u00e0ng \u0111\u00f3n nh\u1eadn , tuy m\u1edbi ra m\u1eaft nh\u01b0ng kh\u00e1 nhi\u1ec1u kh\u00e1ch h\u00e0ng l\u1ef1a ch\u1ecdn. S\u1ea3n ph\u1ea9m ph\u00f9 h\u1ee3p s\u1eed d\u1ee5ng cho c\u00e1c kh\u00f4ng gian nh\u00e0 \u1edf, chung c\u01b0 \u0111\u01b0\u1ee3c thi\u1ebft k\u1ebf theo phong c\u00e1ch ch\u00e2u \u00e2u, c\u00e1c qu\u00e1n karaoke, nh\u00e0 h\u00e0ng, thu \u00e2m , ph\u00f2ng h\u00e1t , s\u1eed d\u1ee5ng trong bi\u1ec7t th\u1ef1 , c\u0103n h\u1ed9\u2026.<\/p>\n<p>     X\u1ed1p d\u00e1n t\u01b0\u1eddng 3D gi\u1ea3 da kim tuy\u1ebfn thu\u1ed9c d\u00f2ng s\u1ea3n ph\u1ea9m x\u1ed1p cao c\u1ea5p h\u01a1n. Ngo\u00e0i ra s\u1ea3n ph\u1ea9m \u0111\u01b0\u1ee3c thi\u1ebft k\u1ebf v\u1edbi nhi\u1ec1u t\u00ednh n\u0103ng v\u01b0\u1ee3t tr\u1ed9i c\u00f9ng c\u00e1c nguy\u00ean li\u1ec7u m\u1ec1m cao c\u1ea5p. V\u00ec v\u1eady kh\u00f4ng ch\u1ec9 \u0111em \u0111\u1ebfn kh\u00f4ng gian sang tr\u1ecdng, \u0111\u1eb3ng c\u1ea5p m\u00e0 s\u1ea3n ph\u1ea9m c\u00f2n c\u00f3 kh\u1ea3 n\u0103ng c\u00e1ch \u00e2m, c\u00e1ch nhi\u1ec7t, ch\u1ed1ng va \u0111\u1eadp, ch\u1ed1ng \u1ea9m m\u1ed1c, ch\u1ed1ng n\u01b0\u1edbc\u2026 c\u1ef1c t\u1ed1t.<\/p>\n<p>    M\u1ed9t trong nh\u1eefng \u01b0u \u0111i\u1ec3m v\u01b0\u1ee3t tr\u1ed9i c\u1ee7a c\u00e1c s\u1ea3n ph\u1ea9m x\u1ed1p d\u00e1n t\u01b0\u1eddng ch\u00ednh l\u00e0 c\u00e1ch d\u00e1n x\u1ed1p d\u00e1n t\u01b0\u1eddng d\u1ec5 d\u00e0ng v\u00e0 thu\u1eadn l\u1ee3i. Kh\u00f4ng gi\u1ed1ng c\u00e1c v\u1eadt li\u1ec7u \u1ed1p t\u01b0\u1eddng kh\u00e1c, s\u1ea3n ph\u1ea9m n\u00e0y \u0111\u01b0\u1ee3c thi\u1ebft k\u1ebf l\u1edbp trong c\u00f9ng l\u00e0 ph\u1ea7n keo d\u00e1n ch\u1eafc ch\u1eafn. Ch\u00ednh v\u00ec v\u1eady khi b\u1ea1n s\u1eed d\u1ee5ng, ch\u1ec9 c\u1ea7n d\u00e1n ch\u00fang v\u00e0o t\u01b0\u1eddng m\u00e0 kh\u00f4ng c\u1ea7n s\u1eed d\u1ee5ng th\u00eam c\u00e1c v\u1eadt li\u1ec7u nh\u01b0 xi m\u0103ng hay keo d\u00e1n th\u00f4ng th\u01b0\u1eddng. B\u00ean c\u1ea1nh \u0111\u00f3 c\u1ea5u t\u1ea1o 3 l\u1edbp, \u0111\u1eb7c bi\u1ec7t l\u1edbp x\u1ed1p cao c\u1ea5p \u1edf gi\u1eefa c\u00f3 kh\u1ea3 n\u0103ng r\u1ea5t t\u1ed1t trong vi\u1ec7c c\u00e1ch \u00e2m, c\u00e1ch nhi\u1ec7t. V\u00ec v\u1eady kh\u00e1ch h\u00e0ng ho\u00e0n to\u00e0n c\u00f3 th\u1ec3 an t\u00e2m, s\u1ea3n ph\u1ea9m v\u1eeba mang l\u1ea1i t\u00ednh th\u1ea9m m\u1ef9 cao l\u1ea1i v\u1eeba c\u00f3 th\u1ec3 t\u1ea1o \u0111\u01b0\u1ee3c t\u00ednh ri\u00eang t\u01b0 cho kh\u00f4ng gian s\u1ed1ng.<\/p>\n","protected":false},"excerpt":{"rendered":"<p>K\u00edch th\u01b0\u1edbc: r\u1ed9ng 70cm x d\u00e0i 70cm = 0.49m2 (1m2 =2 t\u1ea5m)<\/p>\n<p>\u0110\u1ed9 d\u00e0y: 4mm<\/p>\n<p>\u0110\u1ed9 b\u1ec1n: 5-10 n\u0103m<\/p>\n","protected":false},"featured_media":4824,"comment_status":"open","ping_status":"closed","template":"","meta":[],"product_cat":[90],"product_tag":[99,111,96,103,105,110],"class_list":{"0":"post-4823","1":"product","2":"type-product","3":"status-publish","4":"has-post-thumbnail","6":"product_cat-hoa-van","7":"product_tag-giaydantuong","8":"product_tag-xopcodien","9":"product_tag-xopdantuong","10":"product_tag-xopgiare","11":"product_tag-xophoatiet","12":"product_tag-xophoavan","14":"first","15":"instock","16":"sale","17":"taxable","18":"shipping-taxable","19":"purchasable","20":"product-type-simple","21":"col-xs-6 col-sm-4","22":"col-md-3 col-lg-3","23":"un-4-cols"},"_links":{"self":[{"href":"https:\/\/xopdantuong3dsaigon.com\/index.php\/wp-json\/wp\/v2\/product\/4823","targetHints":{"allow":["GET"]}}],"collection":[{"href":"https:\/\/xopdantuong3dsaigon.com\/index.php\/wp-json\/wp\/v2\/product"}],"about":[{"href":"https:\/\/xopdantuong3dsaigon.com\/index.php\/wp-json\/wp\/v2\/types\/product"}],"replies":[{"embeddable":true,"href":"https:\/\/xopdantuong3dsaigon.com\/index.php\/wp-json\/wp\/v2\/comments?post=4823"}],"wp:featuredmedia":[{"embeddable":true,"href":"https:\/\/xopdantuong3dsaigon.com\/index.php\/wp-json\/wp\/v2\/media\/4824"}],"wp:attachment":[{"href":"https:\/\/xopdantuong3dsaigon.com\/index.php\/wp-json\/wp\/v2\/media?parent=4823"}],"wp:term":[{"taxonomy":"product_cat","embeddable":true,"href":"https:\/\/xopdantuong3dsaigon.com\/index.php\/wp-json\/wp\/v2\/product_cat?post=4823"},{"taxonomy":"product_tag","embeddable":true,"href":"https:\/\/xopdantuong3dsaigon.com\/index.php\/wp-json\/wp\/v2\/product_tag?post=4823"}],"curies":[{"name":"wp","href":"https:\/\/api.w.org\/{rel}","templated":true}]}}