{"id":4767,"date":"2023-08-12T12:49:57","date_gmt":"2023-08-12T12:49:57","guid":{"rendered":"https:\/\/xopdantuong3dsaigon.com\/?post_type=product&#038;p=4767"},"modified":"2024-04-02T10:03:58","modified_gmt":"2024-04-02T03:03:58","slug":"xop-van-da-xam-den","status":"publish","type":"product","link":"https:\/\/xopdantuong3dsaigon.com\/index.php\/product\/xop-van-da-xam-den\/","title":{"rendered":"X\u1ed0P V\u00c2N \u0110\u00c1 X\u00c1M \u0110EN"},"content":{"rendered":"<p>  X\u1ed1p d\u00e1n t\u01b0\u1eddng gi\u1ea3 v\u00e2n \u0111\u00e1 \u0111\u01b0\u1ee3c coi l\u00e0 lo\u1ea1i x\u1ed1p cao c\u1ea5p v\u1edbi b\u1ec1 m\u1eb7t ngo\u00e0i ph\u1ee7 nh\u1ef1a d\u00e0y v\u00e0 \u0111\u1ed9 s\u1eafc n\u00e9t r\u1ea5t cao n\u00ean \u0111\u01b0\u1ee3c \u1ee9ng d\u1ee5ng v\u00e0o c\u00e1c kh\u00f4ng gian t\u1ea1o s\u1ef1 sang tr\u1ecdng.  N\u1ebfu c\u00e1c b\u1ea1n mu\u1ed1n mang kh\u00f4ng gian tinh t\u1ebf theo khuynh h\u01b0\u1edbng hi\u1ec7n \u0111\u1ea1i cho c\u0103n nh\u00e0 th\u00ec c\u00f3 th\u1ec3 s\u1eed d\u1ee5ng c\u00e1c m\u1eabu x\u1ed1p 3d d\u00e1n t\u01b0\u1eddng gi\u1ea3 \u0111\u00e1 cao c\u1ea5p.<\/p>\n<p>K\u00edch th\u01b0\u1edbc: r\u1ed9ng 70cm x d\u00e0i 77cm = 0.54m2 (1m2 = 2 t\u1ea5m)<\/p>\n<p>\u0110\u1ed9 d\u00e0y: 5mm<\/p>\n<p>L\u1edbp x\u1ed1p m\u1ec1m<\/p>\n<p>L\u1edbp keo si\u00eau d\u00ednh<\/p>\n<p>\u0110\u1ed9 b\u1ec1n : 5-10 n\u0103m<\/p>\n<p>Ch\u1ec9 \u0111\u1ee9ng sau x\u1ed1p d\u00e1n t\u01b0\u1eddng gi\u1ea3 g\u1ea1ch, x\u1ed1p \u0111\u00e1 d\u00e1n t\u01b0\u1eddng c\u00f3 m\u1ee9c \u0111\u1ed9 ti\u00eau th\u1ee5 c\u0169ng c\u1ef1c k\u1ef3 l\u1edbn. M\u1eabu x\u1ed1p v\u00e2n \u0111\u00e1 n\u00e0y th\u1ef1c s\u1ef1 khi trang tr\u00ed l\u00ean r\u1ea5t trang nh\u00e3 v\u00e0 \u0111\u1ed9c \u0111\u00e1o. R\u1ea5t th\u00edch h\u1ee3p trang tr\u00ed cho khu v\u1ef1c y\u00eau c\u1ea7u s\u1ef1 ph\u00e1 c\u00e1ch nh\u01b0 c\u00e1c showroom, ph\u00f2ng kh\u00e1ch, nh\u00e0 h\u00e0ng, c\u1eeda h\u00e0ng\u2026<\/p>\n<p>M\u1ed9t trong nh\u1eefng \u01b0u \u0111i\u1ec3m v\u01b0\u1ee3t tr\u1ed9i c\u1ee7a c\u00e1c s\u1ea3n ph\u1ea9m x\u1ed1p d\u00e1n t\u01b0\u1eddng ch\u00ednh l\u00e0 c\u00e1ch d\u00e1n x\u1ed1p d\u00e1n t\u01b0\u1eddng d\u1ec5 d\u00e0ng v\u00e0 thu\u1eadn l\u1ee3i. Kh\u00f4ng gi\u1ed1ng c\u00e1c v\u1eadt li\u1ec7u \u1ed1p t\u01b0\u1eddng kh\u00e1c, s\u1ea3n ph\u1ea9m n\u00e0y \u0111\u01b0\u1ee3c thi\u1ebft k\u1ebf l\u1edbp trong c\u00f9ng l\u00e0 ph\u1ea7n keo d\u00e1n ch\u1eafc ch\u1eafn. Ch\u00ednh v\u00ec v\u1eady khi b\u1ea1n s\u1eed d\u1ee5ng, ch\u1ec9 c\u1ea7n d\u00e1n ch\u00fang v\u00e0o t\u01b0\u1eddng m\u00e0 kh\u00f4ng c\u1ea7n s\u1eed d\u1ee5ng th\u00eam c\u00e1c v\u1eadt li\u1ec7u nh\u01b0 xi m\u0103ng hay keo d\u00e1n th\u00f4ng th\u01b0\u1eddng.<\/p>\n<p>B\u00ean c\u1ea1nh \u0111\u00f3 c\u1ea5u t\u1ea1o 3 l\u1edbp, \u0111\u1eb7c bi\u1ec7t l\u1edbp x\u1ed1p cao c\u1ea5p \u1edf gi\u1eefa c\u00f3 kh\u1ea3 n\u0103ng r\u1ea5t t\u1ed1t trong vi\u1ec7c c\u00e1ch \u00e2m, c\u00e1ch nhi\u1ec7t. V\u00ec v\u1eady kh\u00e1ch h\u00e0ng ho\u00e0n to\u00e0n c\u00f3 th\u1ec3 an t\u00e2m, s\u1ea3n ph\u1ea9m v\u1eeba mang l\u1ea1i t\u00ednh th\u1ea9m m\u1ef9 cao l\u1ea1i v\u1eeba c\u00f3 th\u1ec3 t\u1ea1o \u0111\u01b0\u1ee3c t\u00ednh ri\u00eang t\u01b0 cho kh\u00f4ng gian s\u1ed1ng.<\/p>\n<p>  Nh\u1edd c\u00f4ng ngh\u1ec7 s\u1ea3n xu\u1ea5t hi\u1ec7n \u0111\u1ea1i, nh\u1eefng s\u1ea3n ph\u1ea9m x\u1ed1p d\u00e1n t\u01b0\u1eddng gi\u1ea3 \u0111\u00e1 \u0111\u1ea3m b\u1ea3o \u0111\u01b0\u1ee3c h\u00ecnh th\u1ee9c th\u1ea9m m\u1ef9 \u0111\u1eb9p m\u1eb7t, ph\u00f9 h\u1ee3p v\u1edbi nhi\u1ec1u kh\u00f4ng gian kh\u00e1c nhau. H\u00ecnh \u1ea3nh t\u1ea5m t\u01b0\u1eddng d\u00e1n x\u1ed1p gi\u1ea3 \u0111\u00e1 kh\u00f4ng ch\u1ec9 gi\u00fap t\u1ea1o \u0111\u01b0\u1ee3c \u0111i\u1ec3m nh\u1ea5n cho kh\u00f4ng gian s\u1ed1ng \u0111\u1ed9ng h\u01a1n m\u00e0 c\u00f2n th\u1ec3 hi\u1ec7n \u0111\u01b0\u1ee3c gu th\u1ea9m m\u1ef9 c\u1ee7a ch\u00ednh ch\u1ee7 nh\u00e2n c\u1ee7a n\u00f3. \u0110\u1eb7c bi\u1ec7t, s\u1ef1 \u0111a d\u1ea1ng v\u1ec1 m\u00e0u s\u1eafc, ki\u1ec3u d\u00e1ng, c\u00e1c \u0111\u01b0\u1eddng v\u00e2n, \u0111i\u1ec3m nh\u1ea5n nh\u00e1 gi\u1ed1ng y nh\u01b0 \u0111\u00e1 th\u1eadt gi\u00fap b\u1ea1n c\u1ea3m gi\u00e1c nh\u01b0 \u0111\u01b0\u1ee3c h\u00f2a m\u00ecnh v\u00e0o kh\u00f4ng gian thi\u00ean nhi\u00ean m\u1ed9c m\u1ea1c, nh\u1eb9 nh\u00e0ng nh\u01b0ng tinh t\u1ebf v\u00f4 c\u00f9ng.<\/p>\n<p>\u1ee8ng d\u1ee5ng ti\u00eau bi\u1ec3u c\u1ee7a x\u1ed1p d\u00e1n t\u01b0\u1eddng 3d gi\u1ea3 \u0111\u00e1:<\/p>\n<p>-X\u1ed1p d\u00e1n t\u01b0\u1eddng ch\u1ed1ng n\u00f3ng,c\u00e1ch nhi\u1ec7t t\u01b0\u1eddng nh\u00e0 r\u1ea5t hi\u1ec7u qu\u1ea3.<br \/>\n-Trang tr\u00ed \u1ed1p t\u01b0\u1eddng c\u00e1c tr\u01b0\u1eddng h\u1ecdc m\u1eabu gi\u00e1o, l\u1edbp h\u1ecdc, gi\u1ea3ng \u0111\u01b0\u1eddng \u2026 n\u01a1i c\u00f3 nhi\u1ec1u ti\u1ebfng \u1ed3n.<br \/>\n-V\u0103n ph\u00f2ng l\u00e0m vi\u1ec7c, c\u00f4ng s\u1edf, ph\u00f2ng h\u1ecdp \u2026<br \/>\n-Ph\u00f2ng kh\u00e1ch gia \u0111\u00ecnh, ph\u00f2ng nghe nh\u1ea1c \u2026<br \/>\n-C\u00e1c ph\u00f2ng karaoke, h\u1ed9i tr\u01b0\u1eddng, thu \u00e2m, r\u1ea1p h\u00e1t, ph\u00f2ng chi\u1ebfu phim \u2026<br \/>\n-Nh\u00e0 h\u00e0ng, trung t\u00e2m ti\u1ec7c c\u01b0\u1edbi \u2026<br \/>\n-Trang tr\u00ed c\u00e1c c\u1eeda h\u00e0ng showroom \u2026<br \/>\n-T\u1ea1o n\u1ec1n l\u00e0m backdrop \u2026<br \/>\n-V\u00e0 nhi\u1ec1u \u1ee9ng d\u1ee5ng trang tr\u00ed kh\u00e1c \u2026<\/p>\n<p>Gi\u00e1 s\u1ea3n ph\u1ea9m tr\u00ean Tiki \u0111\u00e3 bao g\u1ed3m thu\u1ebf theo lu\u1eadt hi\u1ec7n h\u00e0nh. B\u00ean c\u1ea1nh \u0111\u00f3, tu\u1ef3 v\u00e0o lo\u1ea1i s\u1ea3n ph\u1ea9m, h\u00ecnh th\u1ee9c v\u00e0 \u0111\u1ecba ch\u1ec9 giao h\u00e0ng m\u00e0 c\u00f3 th\u1ec3 ph\u00e1t sinh th\u00eam chi ph\u00ed kh\u00e1c nh\u01b0 ph\u00ed v\u1eadn chuy\u1ec3n, ph\u1ee5 ph\u00ed h\u00e0ng c\u1ed3ng k\u1ec1nh, thu\u1ebf nh\u1eadp kh\u1ea9u (\u0111\u1ed1i v\u1edbi \u0111\u01a1n h\u00e0ng giao t\u1eeb n\u01b0\u1edbc ngo\u00e0i c\u00f3 gi\u00e1 tr\u1ecb tr\u00ean 1 tri\u1ec7u \u0111\u1ed3ng)&#8230;..<\/p>\n","protected":false},"excerpt":{"rendered":"<p>K\u00edch th\u01b0\u1edbc: r\u1ed9ng 70cm x d\u00e0i 77cm = 0.54m2 (1m2 = 2 t\u1ea5m)<\/p>\n<p>\u0110\u1ed9 d\u00e0y: 5mm<\/p>\n<p>L\u1edbp x\u1ed1p m\u1ec1m<\/p>\n<p>L\u1edbp keo si\u00eau d\u00ednh<\/p>\n<p>\u0110\u1ed9 b\u1ec1n : 5-10 n\u0103m<\/p>\n","protected":false},"featured_media":4771,"comment_status":"open","ping_status":"closed","template":"","meta":[],"product_cat":[87],"product_tag":[99,96,109,103,101],"class_list":{"0":"post-4767","1":"product","2":"type-product","3":"status-publish","4":"has-post-thumbnail","6":"product_cat-gia-da","7":"product_tag-giaydantuong","8":"product_tag-xopdantuong","9":"product_tag-xopgiada","10":"product_tag-xopgiare","11":"product_tag-xopvanda","13":"first","14":"instock","15":"sale","16":"taxable","17":"shipping-taxable","18":"purchasable","19":"product-type-simple","20":"col-xs-6 col-sm-4","21":"col-md-3 col-lg-3","22":"un-4-cols"},"_links":{"self":[{"href":"https:\/\/xopdantuong3dsaigon.com\/index.php\/wp-json\/wp\/v2\/product\/4767","targetHints":{"allow":["GET"]}}],"collection":[{"href":"https:\/\/xopdantuong3dsaigon.com\/index.php\/wp-json\/wp\/v2\/product"}],"about":[{"href":"https:\/\/xopdantuong3dsaigon.com\/index.php\/wp-json\/wp\/v2\/types\/product"}],"replies":[{"embeddable":true,"href":"https:\/\/xopdantuong3dsaigon.com\/index.php\/wp-json\/wp\/v2\/comments?post=4767"}],"wp:featuredmedia":[{"embeddable":true,"href":"https:\/\/xopdantuong3dsaigon.com\/index.php\/wp-json\/wp\/v2\/media\/4771"}],"wp:attachment":[{"href":"https:\/\/xopdantuong3dsaigon.com\/index.php\/wp-json\/wp\/v2\/media?parent=4767"}],"wp:term":[{"taxonomy":"product_cat","embeddable":true,"href":"https:\/\/xopdantuong3dsaigon.com\/index.php\/wp-json\/wp\/v2\/product_cat?post=4767"},{"taxonomy":"product_tag","embeddable":true,"href":"https:\/\/xopdantuong3dsaigon.com\/index.php\/wp-json\/wp\/v2\/product_tag?post=4767"}],"curies":[{"name":"wp","href":"https:\/\/api.w.org\/{rel}","templated":true}]}}