{"id":4688,"date":"2023-08-12T10:23:05","date_gmt":"2023-08-12T10:23:05","guid":{"rendered":"https:\/\/xopdantuong3dsaigon.com\/?post_type=product&#038;p=4688"},"modified":"2024-04-02T10:04:13","modified_gmt":"2024-04-02T03:04:13","slug":"xop-hoat-hinh","status":"publish","type":"product","link":"https:\/\/xopdantuong3dsaigon.com\/index.php\/product\/xop-hoat-hinh\/","title":{"rendered":"X\u1ed0P HO\u1ea0T H\u00ccNH"},"content":{"rendered":"<p>K\u00edch th\u01b0\u1edbc: 70&#215;77 cm (ngang 70cm, cao 77cm)<\/p>\n<p>D\u00e0y : 4mm<\/p>\n<p>L\u1edbp x\u1ed1p m\u1ec1m<\/p>\n<p>L\u1edbp keo si\u00eau d\u00ednh.<\/p>\n<p>Gi\u1ea3i ph\u00e1p cho c\u00e1c t\u01b0\u1eddng \u1ea9m m\u1ed1c, bong tr\u00f3c.<\/p>\n<p>Kh\u00f4ng c\u1ea7n ph\u1ea3i s\u01a1n l\u1ea1i t\u01b0\u1eddng nh\u00e0.<\/p>\n<p>D\u00e1n \u0111\u01b0\u1ee3c tr\u00ean: b\u1ec1 m\u1eb7t t\u01b0\u1eddng, k\u00ednh, g\u1ed7, kim lo\u1ea1i, inox, t\u01b0\u1eddng v\u00f4i, t\u01b0\u1eddng m\u00f3c b\u1ea9<\/p>\n<p>\u0110\u1ed9 b\u1ec1n c\u1ee7a s\u1ea3n ph\u1ea9m cao v\u00ec s\u1eed d\u1ee5ng keo chuy\u00ean d\u1ee5ng.<\/p>\n<p>Thi c\u00f4ng \u0111\u01a1n gi\u1ea3n, b\u1ea1n ch\u1ec9 c\u1ea7n v\u1ec7 sinh b\u1ec1 m\u1eb7t bong tr\u00f3c v\u00e0 d\u00e1n l\u00ean theo \u00fd th\u00edch c\u1ee7a gia \u0111\u00ecnh.<\/p>\n<p>S\u1ea3n ph\u1ea9m th\u00e2n thi\u1ec7n v\u1edbi m\u00f4i tr\u01b0\u1eddng<\/p>\n<p>B\u1ec1 m\u1eb7t \u0111\u00e0n h\u1ed3i \u00eam \u00e1i, an to\u00e0n cho tr\u1ebb em<\/p>\n<p>H\u00ecnh ho\u1ea1t h\u00ecnh kute r\u1ec5 th\u01b0\u01a1ng<\/p>\n<p>\ufe0f\u0110\u1ed8 B\u1ec0N t\u1eeb 5-7 n\u0103m.<\/p>\n<p>\u0110\u1eb6C BI\u1ec6T: kh\u00e1ch l\u1ebb mua nhi\u1ec1u \u0111c t\u00ednh gi\u00e1 s\u1ec9. Mua c\u1ea3 bao gi\u00e1 r\u1ebb nh\u01b0 cho.<\/p>\n<p>Cam k\u1ebft kh\u00f4ng \u0111\u00e2u r\u1ebb h\u01a1n, ch\u1ea5t l\u01b0\u1ee3ng tuy\u1ec7t \u0111\u1ed1i<\/p>\n","protected":false},"excerpt":{"rendered":"<p>K\u00edch th\u01b0\u1edbc: 70&#215;77 cm (ngang 70cm, cao 77cm)<\/p>\n<p>D\u00e0y : 4mm<\/p>\n<p>\ufe0f\u0110\u1ed8 B\u1ec0N t\u1eeb 5-7 n\u0103m.<\/p>\n","protected":false},"featured_media":4693,"comment_status":"open","ping_status":"closed","template":"","meta":[],"product_cat":[91],"product_tag":[99,96,103,105,106],"class_list":{"0":"post-4688","1":"product","2":"type-product","3":"status-publish","4":"has-post-thumbnail","6":"product_cat-hoat-hinh","7":"product_tag-giaydantuong","8":"product_tag-xopdantuong","9":"product_tag-xopgiare","10":"product_tag-xophoatiet","11":"product_tag-xoptreem","13":"first","14":"instock","15":"sale","16":"taxable","17":"shipping-taxable","18":"purchasable","19":"product-type-simple","20":"col-xs-6 col-sm-4","21":"col-md-3 col-lg-3","22":"un-4-cols"},"_links":{"self":[{"href":"https:\/\/xopdantuong3dsaigon.com\/index.php\/wp-json\/wp\/v2\/product\/4688","targetHints":{"allow":["GET"]}}],"collection":[{"href":"https:\/\/xopdantuong3dsaigon.com\/index.php\/wp-json\/wp\/v2\/product"}],"about":[{"href":"https:\/\/xopdantuong3dsaigon.com\/index.php\/wp-json\/wp\/v2\/types\/product"}],"replies":[{"embeddable":true,"href":"https:\/\/xopdantuong3dsaigon.com\/index.php\/wp-json\/wp\/v2\/comments?post=4688"}],"wp:featuredmedia":[{"embeddable":true,"href":"https:\/\/xopdantuong3dsaigon.com\/index.php\/wp-json\/wp\/v2\/media\/4693"}],"wp:attachment":[{"href":"https:\/\/xopdantuong3dsaigon.com\/index.php\/wp-json\/wp\/v2\/media?parent=4688"}],"wp:term":[{"taxonomy":"product_cat","embeddable":true,"href":"https:\/\/xopdantuong3dsaigon.com\/index.php\/wp-json\/wp\/v2\/product_cat?post=4688"},{"taxonomy":"product_tag","embeddable":true,"href":"https:\/\/xopdantuong3dsaigon.com\/index.php\/wp-json\/wp\/v2\/product_tag?post=4688"}],"curies":[{"name":"wp","href":"https:\/\/api.w.org\/{rel}","templated":true}]}}