{"id":4512,"date":"2023-08-12T08:39:29","date_gmt":"2023-08-12T01:39:29","guid":{"rendered":"https:\/\/xopdantuong3dsaigon.com\/?post_type=product&#038;p=4512"},"modified":"2025-05-09T11:54:48","modified_gmt":"2025-05-09T04:54:48","slug":"tam-op-pvc-van-gach-30cm-x-60cm","status":"publish","type":"product","link":"https:\/\/xopdantuong3dsaigon.com\/index.php\/product\/tam-op-pvc-van-gach-30cm-x-60cm\/","title":{"rendered":"T\u1ea4M \u1ed0P PVC V\u00c2N G\u1ea0CH 30CM X 60CM"},"content":{"rendered":"<p>&#8211; \u0110\u1ed9 b\u1ec1n tr\u00ean 10 n\u0103m.<\/p>\n<p>&#8211; Kh\u00f4ng cong v\u00eanh, co d\u00e3n.<\/p>\n<p>&#8211; C\u00f3 l\u1edbp keo s\u1eb5n ch\u1ec9 c\u1ea7n b\u00f3c ra v\u00e0 d\u00e1n n\u00ean kh\u00e1 d\u1ec5 d\u00e0ng thi c\u00f4ng, th\u00e1o l\u1eafp.<\/p>\n<p>&#8211; Ch\u1ed1ng \u1ed3n, ch\u1ed1ng ch\u00e1y.<\/p>\n<p>&#8211; C\u00e1ch \u00e2m, c\u00e1ch nhi\u1ec7t .<\/p>\n<p>&#8211; Ch\u1ed1ng \u1ea9m m\u1ed1c, kh\u00e1ng khu\u1ea9n .<\/p>\n<p>&#8211; Sang tr\u1ecdng, \u0111\u1eb9p \u0111\u1eb3ng c\u1ea5p theo phong c\u00e1ch Ch\u00e2u \u00c2u .<\/p>\n<p>&#8211; C\u1ea5u T\u1ea1o 7 L\u1edbp Ch\u1ea5t Li\u1ec7u Cao C\u1ea5p.<\/p>\n<p>Ph\u00f9 h\u1ee3p v\u1edbi m\u1ecdi kh\u00f4ng gian:<\/p>\n<p>&#8211; TH\u00d4NG TIN S\u1ea2N PH\u1ea8M<\/p>\n<p>&#8211; K\u00edch th\u01b0\u1edbc: 60 x 30cm\/t\u1ea5m,d\u00e0y 2,5mm, keo d\u00ednh s\u1eb5n<\/p>\n<p>&#8211; Ch\u1ea5t li\u1ec7u: Nh\u1ef1a PVC cao c\u1ea5p, ch\u1ed1ng tr\u01a1n, ch\u1ed1ng tr\u01b0\u1ee3t, ch\u1ed1ng ch\u00e1y<\/p>\n<p>&#8211; M\u00e0u S\u1eafc : \u0110a D\u1ea1ng, nhi\u1ec1u m\u1eabu m\u00e3 cho kh\u00e1ch h\u00e0ng tho\u1ea3i m\u00e1i l\u1ef1a ch\u1ecdn.<\/p>\n","protected":false},"excerpt":{"rendered":"<p>&#8211; K\u00edch th\u01b0\u1edbc: 60 x 30cm\/t\u1ea5m,d\u00e0y 2,5mm, keo d\u00ednh s\u1eb5n<\/p>\n<p>&#8211; Ch\u1ea5t li\u1ec7u: Nh\u1ef1a PVC cao c\u1ea5p, ch\u1ed1ng tr\u01a1n, ch\u1ed1ng tr\u01b0\u1ee3t, ch\u1ed1ng ch\u00e1y<\/p>\n<p>&#8211; M\u00e0u S\u1eafc : \u0110a D\u1ea1ng, nhi\u1ec1u m\u1eabu m\u00e3 cho kh\u00e1ch h\u00e0ng tho\u1ea3i m\u00e1i l\u1ef1a ch\u1ecdn.<\/p>\n","protected":false},"featured_media":4513,"comment_status":"open","ping_status":"closed","template":"","meta":[],"product_cat":[95],"product_tag":[99,102,98,97,96,103,101],"class_list":{"0":"post-4512","1":"product","2":"type-product","3":"status-publish","4":"has-post-thumbnail","6":"product_cat-xop-pvc","7":"product_tag-giaydantuong","8":"product_tag-oppvc","9":"product_tag-tamoppvc","10":"product_tag-xop-pvc","11":"product_tag-xopdantuong","12":"product_tag-xopgiare","13":"product_tag-xopvanda","15":"first","16":"instock","17":"sale","18":"taxable","19":"shipping-taxable","20":"purchasable","21":"product-type-simple","22":"col-xs-6 col-sm-4","23":"col-md-3 col-lg-3","24":"un-4-cols"},"_links":{"self":[{"href":"https:\/\/xopdantuong3dsaigon.com\/index.php\/wp-json\/wp\/v2\/product\/4512","targetHints":{"allow":["GET"]}}],"collection":[{"href":"https:\/\/xopdantuong3dsaigon.com\/index.php\/wp-json\/wp\/v2\/product"}],"about":[{"href":"https:\/\/xopdantuong3dsaigon.com\/index.php\/wp-json\/wp\/v2\/types\/product"}],"replies":[{"embeddable":true,"href":"https:\/\/xopdantuong3dsaigon.com\/index.php\/wp-json\/wp\/v2\/comments?post=4512"}],"wp:featuredmedia":[{"embeddable":true,"href":"https:\/\/xopdantuong3dsaigon.com\/index.php\/wp-json\/wp\/v2\/media\/4513"}],"wp:attachment":[{"href":"https:\/\/xopdantuong3dsaigon.com\/index.php\/wp-json\/wp\/v2\/media?parent=4512"}],"wp:term":[{"taxonomy":"product_cat","embeddable":true,"href":"https:\/\/xopdantuong3dsaigon.com\/index.php\/wp-json\/wp\/v2\/product_cat?post=4512"},{"taxonomy":"product_tag","embeddable":true,"href":"https:\/\/xopdantuong3dsaigon.com\/index.php\/wp-json\/wp\/v2\/product_tag?post=4512"}],"curies":[{"name":"wp","href":"https:\/\/api.w.org\/{rel}","templated":true}]}}