{"id":4257,"date":"2023-03-07T05:56:04","date_gmt":"2023-03-07T05:56:04","guid":{"rendered":"https:\/\/xopdantuong3dsaigon.com\/?post_type=product&#038;p=4257"},"modified":"2024-04-02T10:07:26","modified_gmt":"2024-04-02T03:07:26","slug":"mau-da-trang","status":"publish","type":"product","link":"https:\/\/xopdantuong3dsaigon.com\/index.php\/product\/mau-da-trang\/","title":{"rendered":"DA P3 TR\u1eaeNG"},"content":{"rendered":"<p>X\u1ed1p d\u00e1n t\u01b0\u1eddng gi\u1ea3 da \u0111\u01b0\u1ee3c \u1ee9ng d\u1ee5ng h\u1ea7u h\u1ebft trong c\u00e1c kh\u00f4ng gian kh\u00e1c nhau nh\u01b0 c\u00e1c nh\u00e0 h\u00e0ng, c\u0103n h\u1ed9, qu\u00e1n cafe, karaoke\u2026B\u1ea1n c\u00f3 th\u1ec3 l\u1ef1a ch\u1ecdn m\u00e0u s\u1eafc ph\u00f9 h\u1ee3p v\u1edbi \u00fd t\u01b0\u1edfng v\u00e0 s\u1edf th\u00edch c\u1ee7a b\u1ea1n nh\u01b0 m\u00e0u tr\u1eafng, m\u00e0u n\u00e2u, m\u00e0u da v\u00e0ng.<\/p>\n<p>&#8211; K\u00edch th\u01b0\u1edbc: D\u00e0i 60cm x R\u1ed9ng 60cm (0.36m2 m\u1ed7i t\u1ea5m)<\/p>\n<p>&#8211; \u0110\u1ed9 d\u00e0y: 6cm<\/p>\n<p>Tr\u00ean th\u1ef1c t\u1ebf c\u1ea5u t\u1ea1o mi\u1ebfng x\u1ed1p d\u00e1n t\u01b0\u1eddng 3D gi\u1ea3 da theo ti\u00eau chu\u1ea9n c\u1ee7a nh\u00e0 s\u1ea3n xu\u1ea5t, ch\u1ee7 y\u1ebfu g\u1ed3m 8 l\u1edbp:<\/p>\n<p>+L\u1edbp b\u1ec1 m\u1eb7t ch\u1ea5t li\u1ec7u PE.<\/p>\n<p>+L\u1edbp c\u00e1ch nhi\u1ec7t.<\/p>\n<p>+L\u1edbp keo d\u00ednh.<\/p>\n<p>+L\u1edbp x\u1ed1p c\u00e1ch nhi\u1ec7t.<\/p>\n<p>+L\u1edbp keo d\u00ednh.<\/p>\n<p>+L\u1edbp gi\u1ea5y b\u1ea1c.<\/p>\n<p>+L\u1edbp gi\u1ea5y d\u00ednh.<\/p>\n<p>+L\u1edbp cu\u1ed1i c\u00f9ng l\u00e0 l\u1edbp gi\u1ea5y.<\/p>\n<p>\ufe0f\u0110\u1ed8 B\u1ec0N t\u1eeb 5-7 n\u0103m.<\/p>\n<p>\u0110\u1eb6C BI\u1ec6T: kh\u00e1ch l\u1ebb mua nhi\u1ec1u \u0111c t\u00ednh gi\u00e1 s\u1ec9. Mua c\u1ea3 bao gi\u00e1 r\u1ebb nh\u01b0 cho.<\/p>\n<p>Cam k\u1ebft kh\u00f4ng \u0111\u00e2u r\u1ebb h\u01a1n, ch\u1ea5t l\u01b0\u1ee3ng tuy\u1ec7t \u0111\u1ed1i<\/p>\n","protected":false},"excerpt":{"rendered":"<p>&#8211; K\u00edch th\u01b0\u1edbc: D\u00e0i 60cm x R\u1ed9ng 60cm (0.36m2 m\u1ed7i t\u1ea5m)<\/p>\n<p>&#8211; \u0110\u1ed9 d\u00e0y: 6cm<\/p>\n","protected":false},"featured_media":4258,"comment_status":"open","ping_status":"closed","template":"","meta":[],"product_cat":[82],"product_tag":[150,152,149,160,154,157,96,103],"class_list":{"0":"post-4257","1":"product","2":"type-product","3":"status-publish","4":"has-post-thumbnail","6":"product_cat-da-o-vuong","7":"product_tag-decal-dan-tuong","8":"product_tag-decal-tuong","9":"product_tag-giay-dan-tuong","10":"product_tag-xop-cach-am","11":"product_tag-xop-dan-tuong","12":"product_tag-xop-gia-da","13":"product_tag-xopdantuong","14":"product_tag-xopgiare","16":"first","17":"instock","18":"sale","19":"taxable","20":"shipping-taxable","21":"purchasable","22":"product-type-simple","23":"col-xs-6 col-sm-4","24":"col-md-3 col-lg-3","25":"un-4-cols"},"_links":{"self":[{"href":"https:\/\/xopdantuong3dsaigon.com\/index.php\/wp-json\/wp\/v2\/product\/4257","targetHints":{"allow":["GET"]}}],"collection":[{"href":"https:\/\/xopdantuong3dsaigon.com\/index.php\/wp-json\/wp\/v2\/product"}],"about":[{"href":"https:\/\/xopdantuong3dsaigon.com\/index.php\/wp-json\/wp\/v2\/types\/product"}],"replies":[{"embeddable":true,"href":"https:\/\/xopdantuong3dsaigon.com\/index.php\/wp-json\/wp\/v2\/comments?post=4257"}],"wp:featuredmedia":[{"embeddable":true,"href":"https:\/\/xopdantuong3dsaigon.com\/index.php\/wp-json\/wp\/v2\/media\/4258"}],"wp:attachment":[{"href":"https:\/\/xopdantuong3dsaigon.com\/index.php\/wp-json\/wp\/v2\/media?parent=4257"}],"wp:term":[{"taxonomy":"product_cat","embeddable":true,"href":"https:\/\/xopdantuong3dsaigon.com\/index.php\/wp-json\/wp\/v2\/product_cat?post=4257"},{"taxonomy":"product_tag","embeddable":true,"href":"https:\/\/xopdantuong3dsaigon.com\/index.php\/wp-json\/wp\/v2\/product_tag?post=4257"}],"curies":[{"name":"wp","href":"https:\/\/api.w.org\/{rel}","templated":true}]}}